{"id":41742,"date":"2026-02-24T11:27:03","date_gmt":"2026-02-24T10:27:03","guid":{"rendered":"https:\/\/imprimeideas.es\/?post_type=product&p=41742"},"modified":"2026-02-26T18:32:50","modified_gmt":"2026-02-26T17:32:50","slug":"estacion-meteorologica-tynna","status":"publish","type":"product","link":"https:\/\/imprimeideas.es\/en\/product\/estacion-meteorologica-tynna\/","title":{"rendered":"Estaci\u00f3n Meteorol\u00f3gica Tynna"},"content":{"rendered":"<p>Estaci\u00f3n meteorol\u00f3gica fabricada en resistente ABS de acabado blanco. Pantalla LCD de f\u00e1cil lectura con term\u00f3metro y medidor de humedad. Fijaci\u00f3n magn\u00e9tica y alimentaci\u00f3n con pila (de bot\u00f3n incluida, con film protector). Presentada en caja individual de dise\u00f1o kraft, con manual de instrucciones en espa\u00f1ol e ingl\u00e9s.<\/p>","protected":false},"excerpt":{"rendered":"<p>Magn\u00e9tico. Pila Bot\u00f3n Incluida<\/p>","protected":false},"featured_media":75162,"comment_status":"open","ping_status":"open","template":"","meta":{"inline_featured_image":false},"product_brand":[],"product_cat":[104,95],"product_tag":[],"class_list":{"0":"post-41742","1":"product","2":"type-product","3":"status-publish","4":"has-post-thumbnail","6":"product_cat-hogar-y-decoracion","7":"product_cat-tecnologia-y-accesorios","9":"first","10":"instock","11":"taxable","12":"shipping-taxable","13":"purchasable","14":"product-type-variable","15":"has-default-attributes"},"aioseo_notices":[],"_links":{"self":[{"href":"https:\/\/imprimeideas.es\/en\/wp-json\/wp\/v2\/product\/41742","targetHints":{"allow":["GET"]}}],"collection":[{"href":"https:\/\/imprimeideas.es\/en\/wp-json\/wp\/v2\/product"}],"about":[{"href":"https:\/\/imprimeideas.es\/en\/wp-json\/wp\/v2\/types\/product"}],"replies":[{"embeddable":true,"href":"https:\/\/imprimeideas.es\/en\/wp-json\/wp\/v2\/comments?post=41742"}],"version-history":[{"count":1,"href":"https:\/\/imprimeideas.es\/en\/wp-json\/wp\/v2\/product\/41742\/revisions"}],"predecessor-version":[{"id":54880,"href":"https:\/\/imprimeideas.es\/en\/wp-json\/wp\/v2\/product\/41742\/revisions\/54880"}],"wp:featuredmedia":[{"embeddable":true,"href":"https:\/\/imprimeideas.es\/en\/wp-json\/wp\/v2\/media\/75162"}],"wp:attachment":[{"href":"https:\/\/imprimeideas.es\/en\/wp-json\/wp\/v2\/media?parent=41742"}],"wp:term":[{"taxonomy":"product_brand","embeddable":true,"href":"https:\/\/imprimeideas.es\/en\/wp-json\/wp\/v2\/product_brand?post=41742"},{"taxonomy":"product_cat","embeddable":true,"href":"https:\/\/imprimeideas.es\/en\/wp-json\/wp\/v2\/product_cat?post=41742"},{"taxonomy":"product_tag","embeddable":true,"href":"https:\/\/imprimeideas.es\/en\/wp-json\/wp\/v2\/product_tag?post=41742"}],"curies":[{"name":"wp","href":"https:\/\/api.w.org\/{rel}","templated":true}]}}