{"id":41736,"date":"2026-02-24T11:27:02","date_gmt":"2026-02-24T10:27:02","guid":{"rendered":"https:\/\/imprimeideas.es\/?post_type=product&p=41736"},"modified":"2026-02-26T18:19:23","modified_gmt":"2026-02-26T17:19:23","slug":"auriculares-helton","status":"publish","type":"product","link":"https:\/\/imprimeideas.es\/en\/product\/auriculares-helton\/","title":{"rendered":"Auriculares Helton"},"content":{"rendered":"<p>Auriculares supraurales Bluetooth. Con Tecnolog\u00eda de Conducci\u00f3n \u00d3sea (Bone Conduction Technology), que generan una vibraci\u00f3n captada por los huesos del o\u00eddo interno. Mediante esta tecnolog\u00eda, el pabell\u00f3n auditivo y los t\u00edmpanos del usuario quedan libres, percibi\u00e9ndose tanto el contenido que se est\u00e1 reproduciendo a trav\u00e9s de los auriculares como el resto de sonidos ambiente de alrededor.Conexi\u00f3n Bluetooth 5.3, con funci\u00f3n manos libres, ranura para tarjetas micro SD y bater\u00eda de 250 mAh integrada. De dise\u00f1o ergon\u00f3mico, incluyen botones de control integrados, luz LED de estado de carga y cable de carga Tipo C. Presentados en caja individual de dise\u00f1o kraft, con manual de instrucciones en espa\u00f1ol e ingl\u00e9s.<\/p>","protected":false},"excerpt":{"rendered":"<p>Conexi\u00f3n Bluetooth. Bater\u00eda 250 mAh<\/p>","protected":false},"featured_media":70798,"comment_status":"open","ping_status":"open","template":"","meta":{"inline_featured_image":false},"product_brand":[],"product_cat":[101,95],"product_tag":[],"class_list":{"0":"post-41736","1":"product","2":"type-product","3":"status-publish","4":"has-post-thumbnail","6":"product_cat-deporte-y-aventura","7":"product_cat-tecnologia-y-accesorios","9":"first","10":"outofstock","11":"taxable","12":"shipping-taxable","13":"purchasable","14":"product-type-variable","15":"has-default-attributes"},"aioseo_notices":[],"_links":{"self":[{"href":"https:\/\/imprimeideas.es\/en\/wp-json\/wp\/v2\/product\/41736","targetHints":{"allow":["GET"]}}],"collection":[{"href":"https:\/\/imprimeideas.es\/en\/wp-json\/wp\/v2\/product"}],"about":[{"href":"https:\/\/imprimeideas.es\/en\/wp-json\/wp\/v2\/types\/product"}],"replies":[{"embeddable":true,"href":"https:\/\/imprimeideas.es\/en\/wp-json\/wp\/v2\/comments?post=41736"}],"version-history":[{"count":1,"href":"https:\/\/imprimeideas.es\/en\/wp-json\/wp\/v2\/product\/41736\/revisions"}],"predecessor-version":[{"id":54877,"href":"https:\/\/imprimeideas.es\/en\/wp-json\/wp\/v2\/product\/41736\/revisions\/54877"}],"wp:featuredmedia":[{"embeddable":true,"href":"https:\/\/imprimeideas.es\/en\/wp-json\/wp\/v2\/media\/70798"}],"wp:attachment":[{"href":"https:\/\/imprimeideas.es\/en\/wp-json\/wp\/v2\/media?parent=41736"}],"wp:term":[{"taxonomy":"product_brand","embeddable":true,"href":"https:\/\/imprimeideas.es\/en\/wp-json\/wp\/v2\/product_brand?post=41736"},{"taxonomy":"product_cat","embeddable":true,"href":"https:\/\/imprimeideas.es\/en\/wp-json\/wp\/v2\/product_cat?post=41736"},{"taxonomy":"product_tag","embeddable":true,"href":"https:\/\/imprimeideas.es\/en\/wp-json\/wp\/v2\/product_tag?post=41736"}],"curies":[{"name":"wp","href":"https:\/\/api.w.org\/{rel}","templated":true}]}}