{"id":41727,"date":"2026-02-24T11:26:29","date_gmt":"2026-02-24T10:26:29","guid":{"rendered":"https:\/\/imprimeideas.es\/?post_type=product&p=41727"},"modified":"2026-02-26T18:42:25","modified_gmt":"2026-02-26T17:42:25","slug":"auriculares-pendil","status":"publish","type":"product","link":"https:\/\/imprimeideas.es\/en\/product\/auriculares-pendil\/","title":{"rendered":"Auriculares Pendil"},"content":{"rendered":"<p>Auriculares plegables de diadema con conexi\u00f3n Bluetooth 5.0, con cuerpo y almohadillas a juego, disponibles en variada gama de colores. Panel de control integrado en el auricular, funci\u00f3n manos libres y radio FM con ranura para tarjetas micro SD y entrada de l\u00ednea mediante conexi\u00f3n jack de 3,5 mm. Recargables mediante cable USB -incluido- y con bater\u00eda integrada de 200mAh. Almohadillas en suave polipiel con interior a juego y presentados caja individual de dise\u00f1o kraft.<\/p>","protected":false},"excerpt":{"rendered":"<p>Conexi\u00f3n Bluetooth. Conexi\u00f3n Jack 3,5 mm. Bater\u00eda 200 mAh<\/p>","protected":false},"featured_media":76965,"comment_status":"open","ping_status":"open","template":"","meta":{"inline_featured_image":false},"product_brand":[],"product_cat":[95],"product_tag":[],"class_list":{"0":"post-41727","1":"product","2":"type-product","3":"status-publish","4":"has-post-thumbnail","6":"product_cat-tecnologia-y-accesorios","8":"first","9":"outofstock","10":"taxable","11":"shipping-taxable","12":"purchasable","13":"product-type-variable","14":"has-default-attributes"},"aioseo_notices":[],"_links":{"self":[{"href":"https:\/\/imprimeideas.es\/en\/wp-json\/wp\/v2\/product\/41727","targetHints":{"allow":["GET"]}}],"collection":[{"href":"https:\/\/imprimeideas.es\/en\/wp-json\/wp\/v2\/product"}],"about":[{"href":"https:\/\/imprimeideas.es\/en\/wp-json\/wp\/v2\/types\/product"}],"replies":[{"embeddable":true,"href":"https:\/\/imprimeideas.es\/en\/wp-json\/wp\/v2\/comments?post=41727"}],"version-history":[{"count":1,"href":"https:\/\/imprimeideas.es\/en\/wp-json\/wp\/v2\/product\/41727\/revisions"}],"predecessor-version":[{"id":54876,"href":"https:\/\/imprimeideas.es\/en\/wp-json\/wp\/v2\/product\/41727\/revisions\/54876"}],"wp:featuredmedia":[{"embeddable":true,"href":"https:\/\/imprimeideas.es\/en\/wp-json\/wp\/v2\/media\/76965"}],"wp:attachment":[{"href":"https:\/\/imprimeideas.es\/en\/wp-json\/wp\/v2\/media?parent=41727"}],"wp:term":[{"taxonomy":"product_brand","embeddable":true,"href":"https:\/\/imprimeideas.es\/en\/wp-json\/wp\/v2\/product_brand?post=41727"},{"taxonomy":"product_cat","embeddable":true,"href":"https:\/\/imprimeideas.es\/en\/wp-json\/wp\/v2\/product_cat?post=41727"},{"taxonomy":"product_tag","embeddable":true,"href":"https:\/\/imprimeideas.es\/en\/wp-json\/wp\/v2\/product_tag?post=41727"}],"curies":[{"name":"wp","href":"https:\/\/api.w.org\/{rel}","templated":true}]}}