{"id":41721,"date":"2026-02-24T11:26:29","date_gmt":"2026-02-24T10:26:29","guid":{"rendered":"https:\/\/imprimeideas.es\/?post_type=product&p=41721"},"modified":"2026-02-26T18:32:56","modified_gmt":"2026-02-26T17:32:56","slug":"raton-diguan","status":"publish","type":"product","link":"https:\/\/imprimeideas.es\/en\/product\/raton-diguan\/","title":{"rendered":"Rat\u00f3n Diguan"},"content":{"rendered":"<p>Rat\u00f3n \u00f3ptico inal\u00e1mbrico de l\u00ednea nature y con dise\u00f1o ergon\u00f3mico. Fabricado en resistente ABS de color blanco con superficie en bamb\u00fa. Alimentaci\u00f3n a pilas: 1xAA no incluida. Presentado en caja individual de dise\u00f1o kraft.<\/p>","protected":false},"excerpt":{"rendered":"<p>Inal\u00e1mbrico. \u00d3ptico. 1 Pila AA No Incluida<\/p>","protected":false},"featured_media":77205,"comment_status":"open","ping_status":"open","template":"","meta":{"inline_featured_image":false},"product_brand":[],"product_cat":[122,95],"product_tag":[],"class_list":{"0":"post-41721","1":"product","2":"type-product","3":"status-publish","4":"has-post-thumbnail","6":"product_cat-articulos-sostenibles","7":"product_cat-tecnologia-y-accesorios","9":"first","10":"instock","11":"taxable","12":"shipping-taxable","13":"purchasable","14":"product-type-variable","15":"has-default-attributes"},"aioseo_notices":[],"_links":{"self":[{"href":"https:\/\/imprimeideas.es\/en\/wp-json\/wp\/v2\/product\/41721","targetHints":{"allow":["GET"]}}],"collection":[{"href":"https:\/\/imprimeideas.es\/en\/wp-json\/wp\/v2\/product"}],"about":[{"href":"https:\/\/imprimeideas.es\/en\/wp-json\/wp\/v2\/types\/product"}],"replies":[{"embeddable":true,"href":"https:\/\/imprimeideas.es\/en\/wp-json\/wp\/v2\/comments?post=41721"}],"version-history":[{"count":1,"href":"https:\/\/imprimeideas.es\/en\/wp-json\/wp\/v2\/product\/41721\/revisions"}],"predecessor-version":[{"id":54873,"href":"https:\/\/imprimeideas.es\/en\/wp-json\/wp\/v2\/product\/41721\/revisions\/54873"}],"wp:featuredmedia":[{"embeddable":true,"href":"https:\/\/imprimeideas.es\/en\/wp-json\/wp\/v2\/media\/77205"}],"wp:attachment":[{"href":"https:\/\/imprimeideas.es\/en\/wp-json\/wp\/v2\/media?parent=41721"}],"wp:term":[{"taxonomy":"product_brand","embeddable":true,"href":"https:\/\/imprimeideas.es\/en\/wp-json\/wp\/v2\/product_brand?post=41721"},{"taxonomy":"product_cat","embeddable":true,"href":"https:\/\/imprimeideas.es\/en\/wp-json\/wp\/v2\/product_cat?post=41721"},{"taxonomy":"product_tag","embeddable":true,"href":"https:\/\/imprimeideas.es\/en\/wp-json\/wp\/v2\/product_tag?post=41721"}],"curies":[{"name":"wp","href":"https:\/\/api.w.org\/{rel}","templated":true}]}}