{"id":41715,"date":"2026-02-24T11:26:28","date_gmt":"2026-02-24T10:26:28","guid":{"rendered":"https:\/\/imprimeideas.es\/?post_type=product&p=41715"},"modified":"2026-02-26T18:19:39","modified_gmt":"2026-02-26T17:19:39","slug":"puntero-laser-presentador-decolf","status":"publish","type":"product","link":"https:\/\/imprimeideas.es\/en\/product\/puntero-laser-presentador-decolf\/","title":{"rendered":"Puntero L\u00e1ser Presentador Decolf"},"content":{"rendered":"<p>Puntero l\u00e1ser inal\u00e1mbrico para presentaciones. De dise\u00f1o ergon\u00f3mico, incluye accesorio plug play para conectarlo al puerto USB del ordenador, sin necesidad de instalar software adicional para su correcto funcionamiento. Compatible con multitud de sistemas operativos (Windows, OS X, Linux y Android). Con botones avance\/ pausa\/ retroceso\/volumen y alimentaci\u00f3n a pilas: 2xAAA incluidas. Presentado en elegante y resistente estuche de cart\u00f3n negro, con funda e interior troquelado en espuma. Manual de instrucciones en espa\u00f1ol e ingl\u00e9s.<\/p>","protected":false},"excerpt":{"rendered":"<p>Inal\u00e1mbrico. Conexi\u00f3n USB. 2 Pilas AAA\/ R03 Incluidas<\/p>","protected":false},"featured_media":46907,"comment_status":"open","ping_status":"open","template":"","meta":{"inline_featured_image":false},"product_brand":[],"product_cat":[96],"product_tag":[],"class_list":{"0":"post-41715","1":"product","2":"type-product","3":"status-publish","4":"has-post-thumbnail","6":"product_cat-oficina-y-negocios","8":"first","9":"instock","10":"taxable","11":"shipping-taxable","12":"purchasable","13":"product-type-variable","14":"has-default-attributes"},"aioseo_notices":[],"_links":{"self":[{"href":"https:\/\/imprimeideas.es\/en\/wp-json\/wp\/v2\/product\/41715","targetHints":{"allow":["GET"]}}],"collection":[{"href":"https:\/\/imprimeideas.es\/en\/wp-json\/wp\/v2\/product"}],"about":[{"href":"https:\/\/imprimeideas.es\/en\/wp-json\/wp\/v2\/types\/product"}],"replies":[{"embeddable":true,"href":"https:\/\/imprimeideas.es\/en\/wp-json\/wp\/v2\/comments?post=41715"}],"version-history":[{"count":1,"href":"https:\/\/imprimeideas.es\/en\/wp-json\/wp\/v2\/product\/41715\/revisions"}],"predecessor-version":[{"id":54870,"href":"https:\/\/imprimeideas.es\/en\/wp-json\/wp\/v2\/product\/41715\/revisions\/54870"}],"wp:featuredmedia":[{"embeddable":true,"href":"https:\/\/imprimeideas.es\/en\/wp-json\/wp\/v2\/media\/46907"}],"wp:attachment":[{"href":"https:\/\/imprimeideas.es\/en\/wp-json\/wp\/v2\/media?parent=41715"}],"wp:term":[{"taxonomy":"product_brand","embeddable":true,"href":"https:\/\/imprimeideas.es\/en\/wp-json\/wp\/v2\/product_brand?post=41715"},{"taxonomy":"product_cat","embeddable":true,"href":"https:\/\/imprimeideas.es\/en\/wp-json\/wp\/v2\/product_cat?post=41715"},{"taxonomy":"product_tag","embeddable":true,"href":"https:\/\/imprimeideas.es\/en\/wp-json\/wp\/v2\/product_tag?post=41715"}],"curies":[{"name":"wp","href":"https:\/\/api.w.org\/{rel}","templated":true}]}}