{"id":41704,"date":"2026-02-24T11:26:27","date_gmt":"2026-02-24T10:26:27","guid":{"rendered":"https:\/\/imprimeideas.es\/?post_type=product&p=41704"},"modified":"2026-02-26T18:08:15","modified_gmt":"2026-02-26T17:08:15","slug":"paraguas-lagont","status":"publish","type":"product","link":"https:\/\/imprimeideas.es\/en\/product\/paraguas-lagont\/","title":{"rendered":"Paraguas Lagont"},"content":{"rendered":"<p>Paraguas de 8 paneles y 105 cm de di\u00e1metro, en resistente material poli\u00e9ster 190T. De apertura autom\u00e1tica, con mango curvado y ca\u00f1a, ambos en madera. Varillas met\u00e1licas en color negro, tira con cierre de velcro y disponible en variada gama de colores.<\/p>","protected":false},"excerpt":{"rendered":"<p>23&#8243;. Autom\u00e1tico. Mango y Ca\u00f1a Madera<\/p>","protected":false},"featured_media":61693,"comment_status":"open","ping_status":"open","template":"","meta":{"inline_featured_image":false},"product_brand":[],"product_cat":[118],"product_tag":[],"class_list":{"0":"post-41704","1":"product","2":"type-product","3":"status-publish","4":"has-post-thumbnail","6":"product_cat-lluvia-y-frio","8":"first","9":"instock","10":"taxable","11":"shipping-taxable","12":"purchasable","13":"product-type-variable","14":"has-default-attributes"},"aioseo_notices":[],"_links":{"self":[{"href":"https:\/\/imprimeideas.es\/en\/wp-json\/wp\/v2\/product\/41704","targetHints":{"allow":["GET"]}}],"collection":[{"href":"https:\/\/imprimeideas.es\/en\/wp-json\/wp\/v2\/product"}],"about":[{"href":"https:\/\/imprimeideas.es\/en\/wp-json\/wp\/v2\/types\/product"}],"replies":[{"embeddable":true,"href":"https:\/\/imprimeideas.es\/en\/wp-json\/wp\/v2\/comments?post=41704"}],"version-history":[{"count":1,"href":"https:\/\/imprimeideas.es\/en\/wp-json\/wp\/v2\/product\/41704\/revisions"}],"predecessor-version":[{"id":54866,"href":"https:\/\/imprimeideas.es\/en\/wp-json\/wp\/v2\/product\/41704\/revisions\/54866"}],"wp:featuredmedia":[{"embeddable":true,"href":"https:\/\/imprimeideas.es\/en\/wp-json\/wp\/v2\/media\/61693"}],"wp:attachment":[{"href":"https:\/\/imprimeideas.es\/en\/wp-json\/wp\/v2\/media?parent=41704"}],"wp:term":[{"taxonomy":"product_brand","embeddable":true,"href":"https:\/\/imprimeideas.es\/en\/wp-json\/wp\/v2\/product_brand?post=41704"},{"taxonomy":"product_cat","embeddable":true,"href":"https:\/\/imprimeideas.es\/en\/wp-json\/wp\/v2\/product_cat?post=41704"},{"taxonomy":"product_tag","embeddable":true,"href":"https:\/\/imprimeideas.es\/en\/wp-json\/wp\/v2\/product_tag?post=41704"}],"curies":[{"name":"wp","href":"https:\/\/api.w.org\/{rel}","templated":true}]}}