{"id":41698,"date":"2026-02-24T11:26:26","date_gmt":"2026-02-24T10:26:26","guid":{"rendered":"https:\/\/imprimeideas.es\/?post_type=product&p=41698"},"modified":"2026-02-26T18:13:54","modified_gmt":"2026-02-26T17:13:54","slug":"set-wendam","status":"publish","type":"product","link":"https:\/\/imprimeideas.es\/en\/product\/set-wendam\/","title":{"rendered":"Set Wendam"},"content":{"rendered":"<p>Set de bloc de notas y bol\u00edgrafo en RPET, elaborado a partir de pl\u00e1stico reciclado para as\u00ed fomentar la reutilizaci\u00f3n de residuos pl\u00e1sticos y ayudar a la sostenibilidad del planeta. Incluye: Bloc de notas de tapas r\u00edgidas, con detalle met\u00e1lico en la portada, marcap\u00e1ginas de tela y el\u00e1stico de sujeci\u00f3n a juego. 100 hojas interiores con disposici\u00f3n a una raya y distintivo RPET.Bol\u00edgrafo fabricado en metal cromado y con cuerpo recubierto en poli\u00e9ster RPET. Elegante clip met\u00e1lico y accesorios a juego, de mecanismo giratorio y en tinta azul. Con distintivo RPET en cuerpo.Set presentado en elegante estuche de dise\u00f1o en color negro, con compartimento independiente para bloc de notas y bol\u00edgrafo.<\/p>","protected":false},"excerpt":{"rendered":"<p>Bloc Portada R\u00edgida. 100 Hojas. Bol\u00edgrafo Incluido<\/p>","protected":false},"featured_media":77353,"comment_status":"open","ping_status":"open","template":"","meta":{"inline_featured_image":false},"product_brand":[],"product_cat":[122,96],"product_tag":[],"class_list":{"0":"post-41698","1":"product","2":"type-product","3":"status-publish","4":"has-post-thumbnail","6":"product_cat-articulos-sostenibles","7":"product_cat-oficina-y-negocios","9":"first","10":"instock","11":"taxable","12":"shipping-taxable","13":"purchasable","14":"product-type-variable","15":"has-default-attributes"},"aioseo_notices":[],"_links":{"self":[{"href":"https:\/\/imprimeideas.es\/en\/wp-json\/wp\/v2\/product\/41698","targetHints":{"allow":["GET"]}}],"collection":[{"href":"https:\/\/imprimeideas.es\/en\/wp-json\/wp\/v2\/product"}],"about":[{"href":"https:\/\/imprimeideas.es\/en\/wp-json\/wp\/v2\/types\/product"}],"replies":[{"embeddable":true,"href":"https:\/\/imprimeideas.es\/en\/wp-json\/wp\/v2\/comments?post=41698"}],"version-history":[{"count":1,"href":"https:\/\/imprimeideas.es\/en\/wp-json\/wp\/v2\/product\/41698\/revisions"}],"predecessor-version":[{"id":54864,"href":"https:\/\/imprimeideas.es\/en\/wp-json\/wp\/v2\/product\/41698\/revisions\/54864"}],"wp:featuredmedia":[{"embeddable":true,"href":"https:\/\/imprimeideas.es\/en\/wp-json\/wp\/v2\/media\/77353"}],"wp:attachment":[{"href":"https:\/\/imprimeideas.es\/en\/wp-json\/wp\/v2\/media?parent=41698"}],"wp:term":[{"taxonomy":"product_brand","embeddable":true,"href":"https:\/\/imprimeideas.es\/en\/wp-json\/wp\/v2\/product_brand?post=41698"},{"taxonomy":"product_cat","embeddable":true,"href":"https:\/\/imprimeideas.es\/en\/wp-json\/wp\/v2\/product_cat?post=41698"},{"taxonomy":"product_tag","embeddable":true,"href":"https:\/\/imprimeideas.es\/en\/wp-json\/wp\/v2\/product_tag?post=41698"}],"curies":[{"name":"wp","href":"https:\/\/api.w.org\/{rel}","templated":true}]}}