{"id":41652,"date":"2026-02-24T11:26:21","date_gmt":"2026-02-24T10:26:21","guid":{"rendered":"https:\/\/imprimeideas.es\/?post_type=product&p=41652"},"modified":"2026-02-26T18:13:53","modified_gmt":"2026-02-26T17:13:53","slug":"bombon-semillas-winsu","status":"publish","type":"product","link":"https:\/\/imprimeideas.es\/en\/product\/bombon-semillas-winsu\/","title":{"rendered":"Bomb\u00f3n Semillas Winsu"},"content":{"rendered":"<p>Bomb\u00f3n de semillas de l\u00ednea nature. De flores silvestres y presentado en bote de cristal con tap\u00f3n de corcho natural. Disponible en modelos rastrillo y pala.<\/p>","protected":false},"excerpt":{"rendered":"<p>Flores Silvestres<\/p>","protected":false},"featured_media":62815,"comment_status":"open","ping_status":"open","template":"","meta":{"inline_featured_image":false},"product_brand":[],"product_cat":[122,106],"product_tag":[],"class_list":{"0":"post-41652","1":"product","2":"type-product","3":"status-publish","4":"has-post-thumbnail","6":"product_cat-articulos-sostenibles","7":"product_cat-regalos-y-premiums","9":"first","10":"instock","11":"taxable","12":"shipping-taxable","13":"purchasable","14":"product-type-variable","15":"has-default-attributes"},"aioseo_notices":[],"_links":{"self":[{"href":"https:\/\/imprimeideas.es\/en\/wp-json\/wp\/v2\/product\/41652","targetHints":{"allow":["GET"]}}],"collection":[{"href":"https:\/\/imprimeideas.es\/en\/wp-json\/wp\/v2\/product"}],"about":[{"href":"https:\/\/imprimeideas.es\/en\/wp-json\/wp\/v2\/types\/product"}],"replies":[{"embeddable":true,"href":"https:\/\/imprimeideas.es\/en\/wp-json\/wp\/v2\/comments?post=41652"}],"version-history":[{"count":1,"href":"https:\/\/imprimeideas.es\/en\/wp-json\/wp\/v2\/product\/41652\/revisions"}],"predecessor-version":[{"id":54852,"href":"https:\/\/imprimeideas.es\/en\/wp-json\/wp\/v2\/product\/41652\/revisions\/54852"}],"wp:featuredmedia":[{"embeddable":true,"href":"https:\/\/imprimeideas.es\/en\/wp-json\/wp\/v2\/media\/62815"}],"wp:attachment":[{"href":"https:\/\/imprimeideas.es\/en\/wp-json\/wp\/v2\/media?parent=41652"}],"wp:term":[{"taxonomy":"product_brand","embeddable":true,"href":"https:\/\/imprimeideas.es\/en\/wp-json\/wp\/v2\/product_brand?post=41652"},{"taxonomy":"product_cat","embeddable":true,"href":"https:\/\/imprimeideas.es\/en\/wp-json\/wp\/v2\/product_cat?post=41652"},{"taxonomy":"product_tag","embeddable":true,"href":"https:\/\/imprimeideas.es\/en\/wp-json\/wp\/v2\/product_tag?post=41652"}],"curies":[{"name":"wp","href":"https:\/\/api.w.org\/{rel}","templated":true}]}}