{"id":41644,"date":"2026-02-24T11:26:20","date_gmt":"2026-02-24T10:26:20","guid":{"rendered":"https:\/\/imprimeideas.es\/?post_type=product&p=41644"},"modified":"2026-02-26T18:37:40","modified_gmt":"2026-02-26T17:37:40","slug":"boligrafo-poison","status":"publish","type":"product","link":"https:\/\/imprimeideas.es\/en\/product\/boligrafo-poison\/","title":{"rendered":"Bol\u00edgrafo Poison"},"content":{"rendered":"<p>Bol\u00edgrafo Rainbow, con empu\u00f1adura multicolor y cuerpo en acabado blanco. De mecanismo pulsador, con clip met\u00e1lico y accesorios cromados. Todo un orgullo de bol\u00edgrafo, en tinta azul.<\/p>","protected":false},"excerpt":{"rendered":"<p>Bol\u00edgrafo Rainbow, con empu\u00f1adura multicolor y cuerpo en acabado blanco. De mecanismo pulsador, con clip met\u00e1lico y accesorios cromados. Todo<\/p>","protected":false},"featured_media":63985,"comment_status":"open","ping_status":"open","template":"","meta":{"inline_featured_image":false},"product_brand":[],"product_cat":[100,106],"product_tag":[],"class_list":{"0":"post-41644","1":"product","2":"type-product","3":"status-publish","4":"has-post-thumbnail","6":"product_cat-escritura","7":"product_cat-regalos-y-premiums","9":"first","10":"instock","11":"taxable","12":"shipping-taxable","13":"purchasable","14":"product-type-variable","15":"has-default-attributes"},"aioseo_notices":[],"_links":{"self":[{"href":"https:\/\/imprimeideas.es\/en\/wp-json\/wp\/v2\/product\/41644","targetHints":{"allow":["GET"]}}],"collection":[{"href":"https:\/\/imprimeideas.es\/en\/wp-json\/wp\/v2\/product"}],"about":[{"href":"https:\/\/imprimeideas.es\/en\/wp-json\/wp\/v2\/types\/product"}],"replies":[{"embeddable":true,"href":"https:\/\/imprimeideas.es\/en\/wp-json\/wp\/v2\/comments?post=41644"}],"version-history":[{"count":1,"href":"https:\/\/imprimeideas.es\/en\/wp-json\/wp\/v2\/product\/41644\/revisions"}],"predecessor-version":[{"id":54848,"href":"https:\/\/imprimeideas.es\/en\/wp-json\/wp\/v2\/product\/41644\/revisions\/54848"}],"wp:featuredmedia":[{"embeddable":true,"href":"https:\/\/imprimeideas.es\/en\/wp-json\/wp\/v2\/media\/63985"}],"wp:attachment":[{"href":"https:\/\/imprimeideas.es\/en\/wp-json\/wp\/v2\/media?parent=41644"}],"wp:term":[{"taxonomy":"product_brand","embeddable":true,"href":"https:\/\/imprimeideas.es\/en\/wp-json\/wp\/v2\/product_brand?post=41644"},{"taxonomy":"product_cat","embeddable":true,"href":"https:\/\/imprimeideas.es\/en\/wp-json\/wp\/v2\/product_cat?post=41644"},{"taxonomy":"product_tag","embeddable":true,"href":"https:\/\/imprimeideas.es\/en\/wp-json\/wp\/v2\/product_tag?post=41644"}],"curies":[{"name":"wp","href":"https:\/\/api.w.org\/{rel}","templated":true}]}}