{"id":41630,"date":"2026-02-24T11:26:19","date_gmt":"2026-02-24T10:26:19","guid":{"rendered":"https:\/\/imprimeideas.es\/?post_type=product&p=41630"},"modified":"2026-02-26T18:32:56","modified_gmt":"2026-02-26T17:32:56","slug":"calcetin-sublimacion-sakam","status":"publish","type":"product","link":"https:\/\/imprimeideas.es\/en\/product\/calcetin-sublimacion-sakam\/","title":{"rendered":"Calcet\u00edn Sublimaci\u00f3n Sakam"},"content":{"rendered":"<p>Par de calcetines fabricados en poli\u00e9ster blanco y especialmente dise\u00f1ados para marcaje en sublimaci\u00f3n. En talla S-M.<\/p>","protected":false},"excerpt":{"rendered":"<p>Talla S-M<\/p>","protected":false},"featured_media":84434,"comment_status":"open","ping_status":"open","template":"","meta":{"inline_featured_image":false},"product_brand":[],"product_cat":[106,115],"product_tag":[],"class_list":{"0":"post-41630","1":"product","2":"type-product","3":"status-publish","4":"has-post-thumbnail","6":"product_cat-regalos-y-premiums","7":"product_cat-sublimacion","9":"first","10":"instock","11":"taxable","12":"shipping-taxable","13":"purchasable","14":"product-type-variable","15":"has-default-attributes"},"aioseo_notices":[],"_links":{"self":[{"href":"https:\/\/imprimeideas.es\/en\/wp-json\/wp\/v2\/product\/41630","targetHints":{"allow":["GET"]}}],"collection":[{"href":"https:\/\/imprimeideas.es\/en\/wp-json\/wp\/v2\/product"}],"about":[{"href":"https:\/\/imprimeideas.es\/en\/wp-json\/wp\/v2\/types\/product"}],"replies":[{"embeddable":true,"href":"https:\/\/imprimeideas.es\/en\/wp-json\/wp\/v2\/comments?post=41630"}],"version-history":[{"count":1,"href":"https:\/\/imprimeideas.es\/en\/wp-json\/wp\/v2\/product\/41630\/revisions"}],"predecessor-version":[{"id":54841,"href":"https:\/\/imprimeideas.es\/en\/wp-json\/wp\/v2\/product\/41630\/revisions\/54841"}],"wp:featuredmedia":[{"embeddable":true,"href":"https:\/\/imprimeideas.es\/en\/wp-json\/wp\/v2\/media\/84434"}],"wp:attachment":[{"href":"https:\/\/imprimeideas.es\/en\/wp-json\/wp\/v2\/media?parent=41630"}],"wp:term":[{"taxonomy":"product_brand","embeddable":true,"href":"https:\/\/imprimeideas.es\/en\/wp-json\/wp\/v2\/product_brand?post=41630"},{"taxonomy":"product_cat","embeddable":true,"href":"https:\/\/imprimeideas.es\/en\/wp-json\/wp\/v2\/product_cat?post=41630"},{"taxonomy":"product_tag","embeddable":true,"href":"https:\/\/imprimeideas.es\/en\/wp-json\/wp\/v2\/product_tag?post=41630"}],"curies":[{"name":"wp","href":"https:\/\/api.w.org\/{rel}","templated":true}]}}