{"id":41610,"date":"2026-02-24T11:26:17","date_gmt":"2026-02-24T10:26:17","guid":{"rendered":"https:\/\/imprimeideas.es\/?post_type=product&p=41610"},"modified":"2026-02-26T18:13:57","modified_gmt":"2026-02-26T17:13:57","slug":"llavero-moneda-prook","status":"publish","type":"product","link":"https:\/\/imprimeideas.es\/en\/product\/llavero-moneda-prook\/","title":{"rendered":"Llavero Moneda Prook"},"content":{"rendered":"<p>Llavero moneda de l\u00ednea nature fabricado en ca\u00f1a de trigo. Con moneda extra\u00edble y anilla met\u00e1lica cromada.La ca\u00f1a de trigo fomenta la utilizaci\u00f3n de materias primas naturales, reduciendo as\u00ed las emisiones contaminantes.<\/p>","protected":false},"excerpt":{"rendered":"<p>Llavero moneda de l\u00ednea nature fabricado en ca\u00f1a de trigo. Con moneda extra\u00edble y anilla met\u00e1lica cromada.La ca\u00f1a de trigo<\/p>","protected":false},"featured_media":71110,"comment_status":"open","ping_status":"open","template":"","meta":{"inline_featured_image":false},"product_brand":[],"product_cat":[122,106],"product_tag":[],"class_list":{"0":"post-41610","1":"product","2":"type-product","3":"status-publish","4":"has-post-thumbnail","6":"product_cat-articulos-sostenibles","7":"product_cat-regalos-y-premiums","9":"first","10":"instock","11":"taxable","12":"shipping-taxable","13":"purchasable","14":"product-type-variable","15":"has-default-attributes"},"aioseo_notices":[],"_links":{"self":[{"href":"https:\/\/imprimeideas.es\/en\/wp-json\/wp\/v2\/product\/41610","targetHints":{"allow":["GET"]}}],"collection":[{"href":"https:\/\/imprimeideas.es\/en\/wp-json\/wp\/v2\/product"}],"about":[{"href":"https:\/\/imprimeideas.es\/en\/wp-json\/wp\/v2\/types\/product"}],"replies":[{"embeddable":true,"href":"https:\/\/imprimeideas.es\/en\/wp-json\/wp\/v2\/comments?post=41610"}],"version-history":[{"count":1,"href":"https:\/\/imprimeideas.es\/en\/wp-json\/wp\/v2\/product\/41610\/revisions"}],"predecessor-version":[{"id":54833,"href":"https:\/\/imprimeideas.es\/en\/wp-json\/wp\/v2\/product\/41610\/revisions\/54833"}],"wp:featuredmedia":[{"embeddable":true,"href":"https:\/\/imprimeideas.es\/en\/wp-json\/wp\/v2\/media\/71110"}],"wp:attachment":[{"href":"https:\/\/imprimeideas.es\/en\/wp-json\/wp\/v2\/media?parent=41610"}],"wp:term":[{"taxonomy":"product_brand","embeddable":true,"href":"https:\/\/imprimeideas.es\/en\/wp-json\/wp\/v2\/product_brand?post=41610"},{"taxonomy":"product_cat","embeddable":true,"href":"https:\/\/imprimeideas.es\/en\/wp-json\/wp\/v2\/product_cat?post=41610"},{"taxonomy":"product_tag","embeddable":true,"href":"https:\/\/imprimeideas.es\/en\/wp-json\/wp\/v2\/product_tag?post=41610"}],"curies":[{"name":"wp","href":"https:\/\/api.w.org\/{rel}","templated":true}]}}