{"id":41595,"date":"2026-02-24T11:26:15","date_gmt":"2026-02-24T10:26:15","guid":{"rendered":"https:\/\/imprimeideas.es\/?post_type=product&p=41595"},"modified":"2026-02-26T18:32:54","modified_gmt":"2026-02-26T17:32:54","slug":"tarjetero-faxol","status":"publish","type":"product","link":"https:\/\/imprimeideas.es\/en\/product\/tarjetero-faxol\/","title":{"rendered":"Tarjetero Faxol"},"content":{"rendered":"<p>Tarjetero de l\u00ednea nature fabricado en ca\u00f1a de trigo. Capacidad hasta 6 tarjetas, con ingenioso mecanismo desliza y extrae de acceso a las tarjetas. Tecnolog\u00eda de seguridad RFID (Identificaci\u00f3n por Radio Frecuencia) que mantiene seguros tus dispositivos de transmisi\u00f3n de identidad. Distintivos RFID y ca\u00f1a de trigo inyectados en molde.La ca\u00f1a de trigo fomenta la utilizaci\u00f3n de materias primas naturales, reduciendo as\u00ed las emisiones contaminantes.<\/p>","protected":false},"excerpt":{"rendered":"<p>Protector RFID. 1 Compartimento<\/p>","protected":false},"featured_media":73045,"comment_status":"open","ping_status":"open","template":"","meta":{"inline_featured_image":false},"product_brand":[],"product_cat":[122,106],"product_tag":[],"class_list":{"0":"post-41595","1":"product","2":"type-product","3":"status-publish","4":"has-post-thumbnail","6":"product_cat-articulos-sostenibles","7":"product_cat-regalos-y-premiums","9":"first","10":"instock","11":"taxable","12":"shipping-taxable","13":"purchasable","14":"product-type-variable","15":"has-default-attributes"},"aioseo_notices":[],"_links":{"self":[{"href":"https:\/\/imprimeideas.es\/en\/wp-json\/wp\/v2\/product\/41595","targetHints":{"allow":["GET"]}}],"collection":[{"href":"https:\/\/imprimeideas.es\/en\/wp-json\/wp\/v2\/product"}],"about":[{"href":"https:\/\/imprimeideas.es\/en\/wp-json\/wp\/v2\/types\/product"}],"replies":[{"embeddable":true,"href":"https:\/\/imprimeideas.es\/en\/wp-json\/wp\/v2\/comments?post=41595"}],"version-history":[{"count":1,"href":"https:\/\/imprimeideas.es\/en\/wp-json\/wp\/v2\/product\/41595\/revisions"}],"predecessor-version":[{"id":54829,"href":"https:\/\/imprimeideas.es\/en\/wp-json\/wp\/v2\/product\/41595\/revisions\/54829"}],"wp:featuredmedia":[{"embeddable":true,"href":"https:\/\/imprimeideas.es\/en\/wp-json\/wp\/v2\/media\/73045"}],"wp:attachment":[{"href":"https:\/\/imprimeideas.es\/en\/wp-json\/wp\/v2\/media?parent=41595"}],"wp:term":[{"taxonomy":"product_brand","embeddable":true,"href":"https:\/\/imprimeideas.es\/en\/wp-json\/wp\/v2\/product_brand?post=41595"},{"taxonomy":"product_cat","embeddable":true,"href":"https:\/\/imprimeideas.es\/en\/wp-json\/wp\/v2\/product_cat?post=41595"},{"taxonomy":"product_tag","embeddable":true,"href":"https:\/\/imprimeideas.es\/en\/wp-json\/wp\/v2\/product_tag?post=41595"}],"curies":[{"name":"wp","href":"https:\/\/api.w.org\/{rel}","templated":true}]}}