{"id":41585,"date":"2026-02-24T11:26:14","date_gmt":"2026-02-24T10:26:14","guid":{"rendered":"https:\/\/imprimeideas.es\/?post_type=product&p=41585"},"modified":"2026-02-25T19:52:24","modified_gmt":"2026-02-25T18:52:24","slug":"alfombrilla-organizador-krit","status":"publish","type":"product","link":"https:\/\/imprimeideas.es\/en\/product\/alfombrilla-organizador-krit\/","title":{"rendered":"Alfombrilla Organizador Krit"},"content":{"rendered":"<p>Alfombrilla organizador multifuncional de l\u00ednea nature. Est\u00e1 fabricada en bamb\u00fa y corcho natural, ayudando a la sostenibilidad del planeta. Incluye soportes para ordenador port\u00e1til, tablets y dem\u00e1s dispositivos m\u00f3viles. Con alfombrilla para rat\u00f3n integrada y presentada en caja individual de dise\u00f1o kraft.<\/p>","protected":false},"excerpt":{"rendered":"<p>Antideslizante<\/p>","protected":false},"featured_media":80443,"comment_status":"open","ping_status":"open","template":"","meta":{"inline_featured_image":false},"product_brand":[],"product_cat":[122,95],"product_tag":[],"class_list":{"0":"post-41585","1":"product","2":"type-product","3":"status-publish","4":"has-post-thumbnail","6":"product_cat-articulos-sostenibles","7":"product_cat-tecnologia-y-accesorios","9":"first","10":"outofstock","11":"taxable","12":"shipping-taxable","13":"purchasable","14":"product-type-variable","15":"has-default-attributes"},"aioseo_notices":[],"_links":{"self":[{"href":"https:\/\/imprimeideas.es\/en\/wp-json\/wp\/v2\/product\/41585","targetHints":{"allow":["GET"]}}],"collection":[{"href":"https:\/\/imprimeideas.es\/en\/wp-json\/wp\/v2\/product"}],"about":[{"href":"https:\/\/imprimeideas.es\/en\/wp-json\/wp\/v2\/types\/product"}],"replies":[{"embeddable":true,"href":"https:\/\/imprimeideas.es\/en\/wp-json\/wp\/v2\/comments?post=41585"}],"version-history":[{"count":1,"href":"https:\/\/imprimeideas.es\/en\/wp-json\/wp\/v2\/product\/41585\/revisions"}],"predecessor-version":[{"id":54824,"href":"https:\/\/imprimeideas.es\/en\/wp-json\/wp\/v2\/product\/41585\/revisions\/54824"}],"wp:featuredmedia":[{"embeddable":true,"href":"https:\/\/imprimeideas.es\/en\/wp-json\/wp\/v2\/media\/80443"}],"wp:attachment":[{"href":"https:\/\/imprimeideas.es\/en\/wp-json\/wp\/v2\/media?parent=41585"}],"wp:term":[{"taxonomy":"product_brand","embeddable":true,"href":"https:\/\/imprimeideas.es\/en\/wp-json\/wp\/v2\/product_brand?post=41585"},{"taxonomy":"product_cat","embeddable":true,"href":"https:\/\/imprimeideas.es\/en\/wp-json\/wp\/v2\/product_cat?post=41585"},{"taxonomy":"product_tag","embeddable":true,"href":"https:\/\/imprimeideas.es\/en\/wp-json\/wp\/v2\/product_tag?post=41585"}],"curies":[{"name":"wp","href":"https:\/\/api.w.org\/{rel}","templated":true}]}}