{"id":41567,"date":"2026-02-24T11:26:12","date_gmt":"2026-02-24T10:26:12","guid":{"rendered":"https:\/\/imprimeideas.es\/?post_type=product&p=41567"},"modified":"2026-02-26T18:37:38","modified_gmt":"2026-02-26T17:37:38","slug":"tarjetero-restek","status":"publish","type":"product","link":"https:\/\/imprimeideas.es\/en\/product\/tarjetero-restek\/","title":{"rendered":"Tarjetero Restek"},"content":{"rendered":"<p>Elegante tarjetero fabricado en resistente poli\u00e9ster RPET 300D. De tapas duras y cierre magn\u00e9tico. Con detalle met\u00e1lico cromado en la parte frontal y compartimento interior para almacenar las tarjetas. Con distintivo RPET en la parte trasera y disponible en variada gama de colores. El material RPET se elabora a partir de pl\u00e1stico reciclado, para as\u00ed fomentar la reutilizaci\u00f3n de residuos pl\u00e1sticos y ayudar a la sostenibilidad del planeta.<\/p>","protected":false},"excerpt":{"rendered":"<p>1 Compartimento<\/p>","protected":false},"featured_media":84187,"comment_status":"open","ping_status":"open","template":"","meta":{"inline_featured_image":false},"product_brand":[],"product_cat":[122,106],"product_tag":[],"class_list":{"0":"post-41567","1":"product","2":"type-product","3":"status-publish","4":"has-post-thumbnail","6":"product_cat-articulos-sostenibles","7":"product_cat-regalos-y-premiums","9":"first","10":"instock","11":"taxable","12":"shipping-taxable","13":"purchasable","14":"product-type-variable","15":"has-default-attributes"},"aioseo_notices":[],"_links":{"self":[{"href":"https:\/\/imprimeideas.es\/en\/wp-json\/wp\/v2\/product\/41567","targetHints":{"allow":["GET"]}}],"collection":[{"href":"https:\/\/imprimeideas.es\/en\/wp-json\/wp\/v2\/product"}],"about":[{"href":"https:\/\/imprimeideas.es\/en\/wp-json\/wp\/v2\/types\/product"}],"replies":[{"embeddable":true,"href":"https:\/\/imprimeideas.es\/en\/wp-json\/wp\/v2\/comments?post=41567"}],"version-history":[{"count":1,"href":"https:\/\/imprimeideas.es\/en\/wp-json\/wp\/v2\/product\/41567\/revisions"}],"predecessor-version":[{"id":54819,"href":"https:\/\/imprimeideas.es\/en\/wp-json\/wp\/v2\/product\/41567\/revisions\/54819"}],"wp:featuredmedia":[{"embeddable":true,"href":"https:\/\/imprimeideas.es\/en\/wp-json\/wp\/v2\/media\/84187"}],"wp:attachment":[{"href":"https:\/\/imprimeideas.es\/en\/wp-json\/wp\/v2\/media?parent=41567"}],"wp:term":[{"taxonomy":"product_brand","embeddable":true,"href":"https:\/\/imprimeideas.es\/en\/wp-json\/wp\/v2\/product_brand?post=41567"},{"taxonomy":"product_cat","embeddable":true,"href":"https:\/\/imprimeideas.es\/en\/wp-json\/wp\/v2\/product_cat?post=41567"},{"taxonomy":"product_tag","embeddable":true,"href":"https:\/\/imprimeideas.es\/en\/wp-json\/wp\/v2\/product_tag?post=41567"}],"curies":[{"name":"wp","href":"https:\/\/api.w.org\/{rel}","templated":true}]}}