{"id":41565,"date":"2026-02-24T11:26:12","date_gmt":"2026-02-24T10:26:12","guid":{"rendered":"https:\/\/imprimeideas.es\/?post_type=product&p=41565"},"modified":"2026-02-26T18:19:42","modified_gmt":"2026-02-26T17:19:42","slug":"bloc-notas-aquo","status":"publish","type":"product","link":"https:\/\/imprimeideas.es\/en\/product\/bloc-notas-aquo\/","title":{"rendered":"Bloc Notas Aquo"},"content":{"rendered":"<p>Bloc de notas desplegable de l\u00ednea nature fabricado en poli\u00e9ster 300D RPET. Con tapas duras y detalle en bamb\u00fa en la portada. Interior desplegable con 80 hojas de disposici\u00f3n a una raya, marcap\u00e1ginas de tela a juego y soporte para bol\u00edgrafo (bol\u00edgrafo no incluido). Disponible en variada gama de colores, con distintivo RPET en la contraportada.El material RPET se elabora a partir de pl\u00e1stico reciclado, para as\u00ed fomentar la reutilizaci\u00f3n de residuos pl\u00e1sticos y ayudar a la sostenibilidad del planeta.<\/p>","protected":false},"excerpt":{"rendered":"<p>80 Hojas<\/p>","protected":false},"featured_media":81635,"comment_status":"open","ping_status":"open","template":"","meta":{"inline_featured_image":false},"product_brand":[],"product_cat":[122,96],"product_tag":[],"class_list":{"0":"post-41565","1":"product","2":"type-product","3":"status-publish","4":"has-post-thumbnail","6":"product_cat-articulos-sostenibles","7":"product_cat-oficina-y-negocios","9":"first","10":"outofstock","11":"taxable","12":"shipping-taxable","13":"purchasable","14":"product-type-variable","15":"has-default-attributes"},"aioseo_notices":[],"_links":{"self":[{"href":"https:\/\/imprimeideas.es\/en\/wp-json\/wp\/v2\/product\/41565","targetHints":{"allow":["GET"]}}],"collection":[{"href":"https:\/\/imprimeideas.es\/en\/wp-json\/wp\/v2\/product"}],"about":[{"href":"https:\/\/imprimeideas.es\/en\/wp-json\/wp\/v2\/types\/product"}],"replies":[{"embeddable":true,"href":"https:\/\/imprimeideas.es\/en\/wp-json\/wp\/v2\/comments?post=41565"}],"version-history":[{"count":1,"href":"https:\/\/imprimeideas.es\/en\/wp-json\/wp\/v2\/product\/41565\/revisions"}],"predecessor-version":[{"id":54818,"href":"https:\/\/imprimeideas.es\/en\/wp-json\/wp\/v2\/product\/41565\/revisions\/54818"}],"wp:featuredmedia":[{"embeddable":true,"href":"https:\/\/imprimeideas.es\/en\/wp-json\/wp\/v2\/media\/81635"}],"wp:attachment":[{"href":"https:\/\/imprimeideas.es\/en\/wp-json\/wp\/v2\/media?parent=41565"}],"wp:term":[{"taxonomy":"product_brand","embeddable":true,"href":"https:\/\/imprimeideas.es\/en\/wp-json\/wp\/v2\/product_brand?post=41565"},{"taxonomy":"product_cat","embeddable":true,"href":"https:\/\/imprimeideas.es\/en\/wp-json\/wp\/v2\/product_cat?post=41565"},{"taxonomy":"product_tag","embeddable":true,"href":"https:\/\/imprimeideas.es\/en\/wp-json\/wp\/v2\/product_tag?post=41565"}],"curies":[{"name":"wp","href":"https:\/\/api.w.org\/{rel}","templated":true}]}}