{"id":41563,"date":"2026-02-24T11:26:12","date_gmt":"2026-02-24T10:26:12","guid":{"rendered":"https:\/\/imprimeideas.es\/?post_type=product&p=41563"},"modified":"2026-02-26T18:19:33","modified_gmt":"2026-02-26T17:19:33","slug":"bloc-notas-soporte-phesux","status":"publish","type":"product","link":"https:\/\/imprimeideas.es\/en\/product\/bloc-notas-soporte-phesux\/","title":{"rendered":"Bloc Notas Soporte Phesux"},"content":{"rendered":"<p>Bloc de notas de l\u00ednea nature convertible en soporte para smartphone y fabricado en cart\u00f3n reciclado. Incluye: Bloc de anillas de 30 hojas blancas, con disposici\u00f3n a una raya y soporte para bol\u00edgrafo. Bol\u00edgrafo en cart\u00f3n reciclado con detalles en negro, de mecanismo pulsador y en tinta azul.25 notas adhesivas medianas.125 mininotas adhesivas en varios colores.<\/p>","protected":false},"excerpt":{"rendered":"<p>Bloc 30 Hojas. 25 Notas Adhesivas 7,5 x 7,5 cm. 125 Mininotas Adhesivas 1,2 x 5 cm. Bol\u00edgrafo Cart\u00f3n Reciclado Incluido<\/p>","protected":false},"featured_media":81520,"comment_status":"open","ping_status":"open","template":"","meta":{"inline_featured_image":false},"product_brand":[],"product_cat":[122,96],"product_tag":[],"class_list":{"0":"post-41563","1":"product","2":"type-product","3":"status-publish","4":"has-post-thumbnail","6":"product_cat-articulos-sostenibles","7":"product_cat-oficina-y-negocios","9":"first","10":"instock","11":"taxable","12":"shipping-taxable","13":"purchasable","14":"product-type-variable","15":"has-default-attributes"},"aioseo_notices":[],"_links":{"self":[{"href":"https:\/\/imprimeideas.es\/en\/wp-json\/wp\/v2\/product\/41563","targetHints":{"allow":["GET"]}}],"collection":[{"href":"https:\/\/imprimeideas.es\/en\/wp-json\/wp\/v2\/product"}],"about":[{"href":"https:\/\/imprimeideas.es\/en\/wp-json\/wp\/v2\/types\/product"}],"replies":[{"embeddable":true,"href":"https:\/\/imprimeideas.es\/en\/wp-json\/wp\/v2\/comments?post=41563"}],"version-history":[{"count":1,"href":"https:\/\/imprimeideas.es\/en\/wp-json\/wp\/v2\/product\/41563\/revisions"}],"predecessor-version":[{"id":54817,"href":"https:\/\/imprimeideas.es\/en\/wp-json\/wp\/v2\/product\/41563\/revisions\/54817"}],"wp:featuredmedia":[{"embeddable":true,"href":"https:\/\/imprimeideas.es\/en\/wp-json\/wp\/v2\/media\/81520"}],"wp:attachment":[{"href":"https:\/\/imprimeideas.es\/en\/wp-json\/wp\/v2\/media?parent=41563"}],"wp:term":[{"taxonomy":"product_brand","embeddable":true,"href":"https:\/\/imprimeideas.es\/en\/wp-json\/wp\/v2\/product_brand?post=41563"},{"taxonomy":"product_cat","embeddable":true,"href":"https:\/\/imprimeideas.es\/en\/wp-json\/wp\/v2\/product_cat?post=41563"},{"taxonomy":"product_tag","embeddable":true,"href":"https:\/\/imprimeideas.es\/en\/wp-json\/wp\/v2\/product_tag?post=41563"}],"curies":[{"name":"wp","href":"https:\/\/api.w.org\/{rel}","templated":true}]}}