{"id":41559,"date":"2026-02-24T11:26:11","date_gmt":"2026-02-24T10:26:11","guid":{"rendered":"https:\/\/imprimeideas.es\/?post_type=product&p=41559"},"modified":"2026-02-26T18:08:24","modified_gmt":"2026-02-26T17:08:24","slug":"libreta-soporte-minnak","status":"publish","type":"product","link":"https:\/\/imprimeideas.es\/en\/product\/libreta-soporte-minnak\/","title":{"rendered":"Libreta Soporte Minnak"},"content":{"rendered":"<p>Libreta de l\u00ednea nature convertible en soporte para smartphone y fabricada con cartones de leche reciclados. Tapas duras, con detalle en bamb\u00fa en la portada y el\u00e1stico de sujeci\u00f3n a juego, incluido soporte para bol\u00edgrafo. Interior con 80 hojas de disposici\u00f3n a una raya y distintivo cart\u00f3n de leche reciclado en la contraportadaIncluye bol\u00edgrafo fabricado con cartones de leche reciclados y detalles en blanco con mecanismo pulsador y en tinta azul. Con distintivo cart\u00f3n de leche reciclado en la parte superior del bol\u00edgrafo.Los cartones de leche se componen en su mayor parte de cart\u00f3n y aluminio. Durante su proceso de reciclado, se separan los distintos materiales del envase para su reutilizaci\u00f3n y nuevo uso, contribuyendo as\u00ed a recorrer el camino infinito de la econom\u00eda circular. Este material se caracteriza por su alto grado de reciclabilidad, as\u00ed como por su ligereza y resistencia.<\/p>","protected":false},"excerpt":{"rendered":"<p>Portada R\u00edgida. 80 Hojas. Bol\u00edgrafo Cartones de Leche Reciclados Incluido<\/p>","protected":false},"featured_media":62853,"comment_status":"open","ping_status":"open","template":"","meta":{"inline_featured_image":false},"product_brand":[],"product_cat":[122,96],"product_tag":[],"class_list":{"0":"post-41559","1":"product","2":"type-product","3":"status-publish","4":"has-post-thumbnail","6":"product_cat-articulos-sostenibles","7":"product_cat-oficina-y-negocios","9":"first","10":"instock","11":"taxable","12":"shipping-taxable","13":"purchasable","14":"product-type-variable","15":"has-default-attributes"},"aioseo_notices":[],"_links":{"self":[{"href":"https:\/\/imprimeideas.es\/en\/wp-json\/wp\/v2\/product\/41559","targetHints":{"allow":["GET"]}}],"collection":[{"href":"https:\/\/imprimeideas.es\/en\/wp-json\/wp\/v2\/product"}],"about":[{"href":"https:\/\/imprimeideas.es\/en\/wp-json\/wp\/v2\/types\/product"}],"replies":[{"embeddable":true,"href":"https:\/\/imprimeideas.es\/en\/wp-json\/wp\/v2\/comments?post=41559"}],"version-history":[{"count":1,"href":"https:\/\/imprimeideas.es\/en\/wp-json\/wp\/v2\/product\/41559\/revisions"}],"predecessor-version":[{"id":54815,"href":"https:\/\/imprimeideas.es\/en\/wp-json\/wp\/v2\/product\/41559\/revisions\/54815"}],"wp:featuredmedia":[{"embeddable":true,"href":"https:\/\/imprimeideas.es\/en\/wp-json\/wp\/v2\/media\/62853"}],"wp:attachment":[{"href":"https:\/\/imprimeideas.es\/en\/wp-json\/wp\/v2\/media?parent=41559"}],"wp:term":[{"taxonomy":"product_brand","embeddable":true,"href":"https:\/\/imprimeideas.es\/en\/wp-json\/wp\/v2\/product_brand?post=41559"},{"taxonomy":"product_cat","embeddable":true,"href":"https:\/\/imprimeideas.es\/en\/wp-json\/wp\/v2\/product_cat?post=41559"},{"taxonomy":"product_tag","embeddable":true,"href":"https:\/\/imprimeideas.es\/en\/wp-json\/wp\/v2\/product_tag?post=41559"}],"curies":[{"name":"wp","href":"https:\/\/api.w.org\/{rel}","templated":true}]}}