{"id":41545,"date":"2026-02-24T11:26:10","date_gmt":"2026-02-24T10:26:10","guid":{"rendered":"https:\/\/imprimeideas.es\/?post_type=product&p=41545"},"modified":"2026-02-26T18:23:12","modified_gmt":"2026-02-26T17:23:12","slug":"bloc-notas-semillas-amenti","status":"publish","type":"product","link":"https:\/\/imprimeideas.es\/en\/product\/bloc-notas-semillas-amenti\/","title":{"rendered":"Bloc Notas Semillas Amenti"},"content":{"rendered":"<p>Bloc de notas de l\u00ednea nature, con cubiertas fabricadas en papel semilla, reciclable y degradable. Incluye semillas de petunia en ambas cubiertas, convirti\u00e9ndolo as\u00ed en papel plantable al final de su vida \u00fatil. Interior con 10 notas adhesivas medianas y 30 mininotas adhesivas en varios colores. Flores en colores surtidos, con instrucciones de plantado en la cubierta trasera y presentado en bolsa individual de papel reciclado.<\/p>","protected":false},"excerpt":{"rendered":"<p>10 Notas Adhesivas 3 x 5 cm. 30 Mininotas adhesivas 1,5 x 5 cm. Semillas de Petunia Incluidas. Flores Colores Surtidos<\/p>","protected":false},"featured_media":72919,"comment_status":"open","ping_status":"open","template":"","meta":{"inline_featured_image":false},"product_brand":[],"product_cat":[122,96],"product_tag":[],"class_list":{"0":"post-41545","1":"product","2":"type-product","3":"status-publish","4":"has-post-thumbnail","6":"product_cat-articulos-sostenibles","7":"product_cat-oficina-y-negocios","9":"first","10":"instock","11":"taxable","12":"shipping-taxable","13":"purchasable","14":"product-type-variable","15":"has-default-attributes"},"aioseo_notices":[],"_links":{"self":[{"href":"https:\/\/imprimeideas.es\/en\/wp-json\/wp\/v2\/product\/41545","targetHints":{"allow":["GET"]}}],"collection":[{"href":"https:\/\/imprimeideas.es\/en\/wp-json\/wp\/v2\/product"}],"about":[{"href":"https:\/\/imprimeideas.es\/en\/wp-json\/wp\/v2\/types\/product"}],"replies":[{"embeddable":true,"href":"https:\/\/imprimeideas.es\/en\/wp-json\/wp\/v2\/comments?post=41545"}],"version-history":[{"count":1,"href":"https:\/\/imprimeideas.es\/en\/wp-json\/wp\/v2\/product\/41545\/revisions"}],"predecessor-version":[{"id":54810,"href":"https:\/\/imprimeideas.es\/en\/wp-json\/wp\/v2\/product\/41545\/revisions\/54810"}],"wp:featuredmedia":[{"embeddable":true,"href":"https:\/\/imprimeideas.es\/en\/wp-json\/wp\/v2\/media\/72919"}],"wp:attachment":[{"href":"https:\/\/imprimeideas.es\/en\/wp-json\/wp\/v2\/media?parent=41545"}],"wp:term":[{"taxonomy":"product_brand","embeddable":true,"href":"https:\/\/imprimeideas.es\/en\/wp-json\/wp\/v2\/product_brand?post=41545"},{"taxonomy":"product_cat","embeddable":true,"href":"https:\/\/imprimeideas.es\/en\/wp-json\/wp\/v2\/product_cat?post=41545"},{"taxonomy":"product_tag","embeddable":true,"href":"https:\/\/imprimeideas.es\/en\/wp-json\/wp\/v2\/product_tag?post=41545"}],"curies":[{"name":"wp","href":"https:\/\/api.w.org\/{rel}","templated":true}]}}