{"id":41541,"date":"2026-02-24T11:26:10","date_gmt":"2026-02-24T10:26:10","guid":{"rendered":"https:\/\/imprimeideas.es\/?post_type=product&p=41541"},"modified":"2026-02-26T18:13:44","modified_gmt":"2026-02-26T17:13:44","slug":"calculadora-tueris","status":"publish","type":"product","link":"https:\/\/imprimeideas.es\/en\/product\/calculadora-tueris\/","title":{"rendered":"Calculadora Tueris"},"content":{"rendered":"<p>Calculadora de 12 d\u00edgitos fabricada en resistente aluminio y ABS, con teclas de tacto suave. Funcionamiento dual con energ\u00eda solar y alimentaci\u00f3n auxiliar con pila de bot\u00f3n (incluida, con film protector). Pantalla LCD y mecanismo de apagado autom\u00e1tico. Presentada en caja individual de dise\u00f1o kraft.<\/p>","protected":false},"excerpt":{"rendered":"<p>Solar. 12 D\u00edgitos. Pila Bot\u00f3n Incluida<\/p>","protected":false},"featured_media":69517,"comment_status":"open","ping_status":"open","template":"","meta":{"inline_featured_image":false},"product_brand":[],"product_cat":[96],"product_tag":[],"class_list":{"0":"post-41541","1":"product","2":"type-product","3":"status-publish","4":"has-post-thumbnail","6":"product_cat-oficina-y-negocios","8":"first","9":"instock","10":"taxable","11":"shipping-taxable","12":"purchasable","13":"product-type-variable","14":"has-default-attributes"},"aioseo_notices":[],"_links":{"self":[{"href":"https:\/\/imprimeideas.es\/en\/wp-json\/wp\/v2\/product\/41541","targetHints":{"allow":["GET"]}}],"collection":[{"href":"https:\/\/imprimeideas.es\/en\/wp-json\/wp\/v2\/product"}],"about":[{"href":"https:\/\/imprimeideas.es\/en\/wp-json\/wp\/v2\/types\/product"}],"replies":[{"embeddable":true,"href":"https:\/\/imprimeideas.es\/en\/wp-json\/wp\/v2\/comments?post=41541"}],"version-history":[{"count":1,"href":"https:\/\/imprimeideas.es\/en\/wp-json\/wp\/v2\/product\/41541\/revisions"}],"predecessor-version":[{"id":54808,"href":"https:\/\/imprimeideas.es\/en\/wp-json\/wp\/v2\/product\/41541\/revisions\/54808"}],"wp:featuredmedia":[{"embeddable":true,"href":"https:\/\/imprimeideas.es\/en\/wp-json\/wp\/v2\/media\/69517"}],"wp:attachment":[{"href":"https:\/\/imprimeideas.es\/en\/wp-json\/wp\/v2\/media?parent=41541"}],"wp:term":[{"taxonomy":"product_brand","embeddable":true,"href":"https:\/\/imprimeideas.es\/en\/wp-json\/wp\/v2\/product_brand?post=41541"},{"taxonomy":"product_cat","embeddable":true,"href":"https:\/\/imprimeideas.es\/en\/wp-json\/wp\/v2\/product_cat?post=41541"},{"taxonomy":"product_tag","embeddable":true,"href":"https:\/\/imprimeideas.es\/en\/wp-json\/wp\/v2\/product_tag?post=41541"}],"curies":[{"name":"wp","href":"https:\/\/api.w.org\/{rel}","templated":true}]}}