{"id":41539,"date":"2026-02-24T11:26:09","date_gmt":"2026-02-24T10:26:09","guid":{"rendered":"https:\/\/imprimeideas.es\/?post_type=product&p=41539"},"modified":"2026-02-26T18:08:23","modified_gmt":"2026-02-26T17:08:23","slug":"set-tarjetas-inary","status":"publish","type":"product","link":"https:\/\/imprimeideas.es\/en\/product\/set-tarjetas-inary\/","title":{"rendered":"Set Tarjetas Inary"},"content":{"rendered":"<p>Set de 10 tarjetas de l\u00ednea nature, fabricadas en madera natural con acabado veteado y especialmente dise\u00f1adas para marcaje en laser. Presentaci\u00f3n en caja individual de cart\u00f3n kraft.<\/p>","protected":false},"excerpt":{"rendered":"<p>10 Piezas<\/p>","protected":false},"featured_media":75694,"comment_status":"open","ping_status":"open","template":"","meta":{"inline_featured_image":false},"product_brand":[],"product_cat":[122,96],"product_tag":[],"class_list":{"0":"post-41539","1":"product","2":"type-product","3":"status-publish","4":"has-post-thumbnail","6":"product_cat-articulos-sostenibles","7":"product_cat-oficina-y-negocios","9":"first","10":"instock","11":"taxable","12":"shipping-taxable","13":"purchasable","14":"product-type-variable","15":"has-default-attributes"},"aioseo_notices":[],"_links":{"self":[{"href":"https:\/\/imprimeideas.es\/en\/wp-json\/wp\/v2\/product\/41539","targetHints":{"allow":["GET"]}}],"collection":[{"href":"https:\/\/imprimeideas.es\/en\/wp-json\/wp\/v2\/product"}],"about":[{"href":"https:\/\/imprimeideas.es\/en\/wp-json\/wp\/v2\/types\/product"}],"replies":[{"embeddable":true,"href":"https:\/\/imprimeideas.es\/en\/wp-json\/wp\/v2\/comments?post=41539"}],"version-history":[{"count":1,"href":"https:\/\/imprimeideas.es\/en\/wp-json\/wp\/v2\/product\/41539\/revisions"}],"predecessor-version":[{"id":54807,"href":"https:\/\/imprimeideas.es\/en\/wp-json\/wp\/v2\/product\/41539\/revisions\/54807"}],"wp:featuredmedia":[{"embeddable":true,"href":"https:\/\/imprimeideas.es\/en\/wp-json\/wp\/v2\/media\/75694"}],"wp:attachment":[{"href":"https:\/\/imprimeideas.es\/en\/wp-json\/wp\/v2\/media?parent=41539"}],"wp:term":[{"taxonomy":"product_brand","embeddable":true,"href":"https:\/\/imprimeideas.es\/en\/wp-json\/wp\/v2\/product_brand?post=41539"},{"taxonomy":"product_cat","embeddable":true,"href":"https:\/\/imprimeideas.es\/en\/wp-json\/wp\/v2\/product_cat?post=41539"},{"taxonomy":"product_tag","embeddable":true,"href":"https:\/\/imprimeideas.es\/en\/wp-json\/wp\/v2\/product_tag?post=41539"}],"curies":[{"name":"wp","href":"https:\/\/api.w.org\/{rel}","templated":true}]}}