{"id":41535,"date":"2026-02-24T11:26:09","date_gmt":"2026-02-24T10:26:09","guid":{"rendered":"https:\/\/imprimeideas.es\/?post_type=product&p=41535"},"modified":"2026-02-26T18:42:29","modified_gmt":"2026-02-26T17:42:29","slug":"clip-sanny","status":"publish","type":"product","link":"https:\/\/imprimeideas.es\/en\/product\/clip-sanny\/","title":{"rendered":"Clip Sanny"},"content":{"rendered":"<p>Clip de l\u00ednea nature, con resistente base fabricada en madera de pino natural. Con poste y pinza met\u00e1licos para una firme sujeci\u00f3n de tarjetas, notas, fotos?<\/p>","protected":false},"excerpt":{"rendered":"<p>Clip de l\u00ednea nature, con resistente base fabricada en madera de pino natural. Con poste y pinza met\u00e1licos para una<\/p>","protected":false},"featured_media":84465,"comment_status":"open","ping_status":"open","template":"","meta":{"inline_featured_image":false},"product_brand":[],"product_cat":[122,96],"product_tag":[],"class_list":{"0":"post-41535","1":"product","2":"type-product","3":"status-publish","4":"has-post-thumbnail","6":"product_cat-articulos-sostenibles","7":"product_cat-oficina-y-negocios","9":"first","10":"instock","11":"taxable","12":"shipping-taxable","13":"purchasable","14":"product-type-variable","15":"has-default-attributes"},"aioseo_notices":[],"_links":{"self":[{"href":"https:\/\/imprimeideas.es\/en\/wp-json\/wp\/v2\/product\/41535","targetHints":{"allow":["GET"]}}],"collection":[{"href":"https:\/\/imprimeideas.es\/en\/wp-json\/wp\/v2\/product"}],"about":[{"href":"https:\/\/imprimeideas.es\/en\/wp-json\/wp\/v2\/types\/product"}],"replies":[{"embeddable":true,"href":"https:\/\/imprimeideas.es\/en\/wp-json\/wp\/v2\/comments?post=41535"}],"version-history":[{"count":1,"href":"https:\/\/imprimeideas.es\/en\/wp-json\/wp\/v2\/product\/41535\/revisions"}],"predecessor-version":[{"id":54805,"href":"https:\/\/imprimeideas.es\/en\/wp-json\/wp\/v2\/product\/41535\/revisions\/54805"}],"wp:featuredmedia":[{"embeddable":true,"href":"https:\/\/imprimeideas.es\/en\/wp-json\/wp\/v2\/media\/84465"}],"wp:attachment":[{"href":"https:\/\/imprimeideas.es\/en\/wp-json\/wp\/v2\/media?parent=41535"}],"wp:term":[{"taxonomy":"product_brand","embeddable":true,"href":"https:\/\/imprimeideas.es\/en\/wp-json\/wp\/v2\/product_brand?post=41535"},{"taxonomy":"product_cat","embeddable":true,"href":"https:\/\/imprimeideas.es\/en\/wp-json\/wp\/v2\/product_cat?post=41535"},{"taxonomy":"product_tag","embeddable":true,"href":"https:\/\/imprimeideas.es\/en\/wp-json\/wp\/v2\/product_tag?post=41535"}],"curies":[{"name":"wp","href":"https:\/\/api.w.org\/{rel}","templated":true}]}}