{"id":41527,"date":"2026-02-24T11:26:08","date_gmt":"2026-02-24T10:26:08","guid":{"rendered":"https:\/\/imprimeideas.es\/?post_type=product&p=41527"},"modified":"2026-02-26T18:13:56","modified_gmt":"2026-02-26T17:13:56","slug":"organizador-brajil","status":"publish","type":"product","link":"https:\/\/imprimeideas.es\/en\/product\/organizador-brajil\/","title":{"rendered":"Organizador Brajil"},"content":{"rendered":"<p>Organizador de l\u00ednea nature fabricado en bamb\u00fa en combinaci\u00f3n con fieltro RPET. Con funci\u00f3n soporte para smartphone, varios compartimentos extra para objetos y amplia superficie de marcaje. Con distintivo fieltro RPET y presentado en caja individual de dise\u00f1o kraft. El fieltro RPET reciclado es fruto de la combinaci\u00f3n del proceso de reciclaje de materiales pl\u00e1sticos junto con la t\u00e9cnica milenaria de fabricaci\u00f3n del fieltro, dando como resultado un material de eco-tendencia que, adem\u00e1s de ser de origen reciclado, tambi\u00e9n se convierte en reciclable.<\/p>","protected":false},"excerpt":{"rendered":"<p>Organizador de l\u00ednea nature fabricado en bamb\u00fa en combinaci\u00f3n con fieltro RPET. Con funci\u00f3n soporte para smartphone, varios compartimentos extra<\/p>","protected":false},"featured_media":71899,"comment_status":"open","ping_status":"open","template":"","meta":{"inline_featured_image":false},"product_brand":[],"product_cat":[122,96],"product_tag":[],"class_list":{"0":"post-41527","1":"product","2":"type-product","3":"status-publish","4":"has-post-thumbnail","6":"product_cat-articulos-sostenibles","7":"product_cat-oficina-y-negocios","9":"first","10":"instock","11":"taxable","12":"shipping-taxable","13":"purchasable","14":"product-type-variable","15":"has-default-attributes"},"aioseo_notices":[],"_links":{"self":[{"href":"https:\/\/imprimeideas.es\/en\/wp-json\/wp\/v2\/product\/41527","targetHints":{"allow":["GET"]}}],"collection":[{"href":"https:\/\/imprimeideas.es\/en\/wp-json\/wp\/v2\/product"}],"about":[{"href":"https:\/\/imprimeideas.es\/en\/wp-json\/wp\/v2\/types\/product"}],"replies":[{"embeddable":true,"href":"https:\/\/imprimeideas.es\/en\/wp-json\/wp\/v2\/comments?post=41527"}],"version-history":[{"count":1,"href":"https:\/\/imprimeideas.es\/en\/wp-json\/wp\/v2\/product\/41527\/revisions"}],"predecessor-version":[{"id":54801,"href":"https:\/\/imprimeideas.es\/en\/wp-json\/wp\/v2\/product\/41527\/revisions\/54801"}],"wp:featuredmedia":[{"embeddable":true,"href":"https:\/\/imprimeideas.es\/en\/wp-json\/wp\/v2\/media\/71899"}],"wp:attachment":[{"href":"https:\/\/imprimeideas.es\/en\/wp-json\/wp\/v2\/media?parent=41527"}],"wp:term":[{"taxonomy":"product_brand","embeddable":true,"href":"https:\/\/imprimeideas.es\/en\/wp-json\/wp\/v2\/product_brand?post=41527"},{"taxonomy":"product_cat","embeddable":true,"href":"https:\/\/imprimeideas.es\/en\/wp-json\/wp\/v2\/product_cat?post=41527"},{"taxonomy":"product_tag","embeddable":true,"href":"https:\/\/imprimeideas.es\/en\/wp-json\/wp\/v2\/product_tag?post=41527"}],"curies":[{"name":"wp","href":"https:\/\/api.w.org\/{rel}","templated":true}]}}