{"id":41525,"date":"2026-02-24T11:26:08","date_gmt":"2026-02-24T10:26:08","guid":{"rendered":"https:\/\/imprimeideas.es\/?post_type=product&p=41525"},"modified":"2026-02-26T18:13:48","modified_gmt":"2026-02-26T17:13:48","slug":"lapicero-calendario-perpetuo-laorek","status":"publish","type":"product","link":"https:\/\/imprimeideas.es\/en\/product\/lapicero-calendario-perpetuo-laorek\/","title":{"rendered":"Lapicero Calendario Perpetuo Laorek"},"content":{"rendered":"<p>Lapicero calendario perpetuo de l\u00ednea nature: ya no es necesario cambiar de calendario cada a\u00f1o, con el beneficio al medio ambiente que esto supone. Fabricado en MDF, con tipograf\u00eda de f\u00e1cil lectura. Presentado en caja individual de dise\u00f1o kraft.<\/p>","protected":false},"excerpt":{"rendered":"<p>Lapicero calendario perpetuo de l\u00ednea nature: ya no es necesario cambiar de calendario cada a\u00f1o, con el beneficio al medio<\/p>","protected":false},"featured_media":84637,"comment_status":"open","ping_status":"open","template":"","meta":{"inline_featured_image":false},"product_brand":[],"product_cat":[96],"product_tag":[],"class_list":{"0":"post-41525","1":"product","2":"type-product","3":"status-publish","4":"has-post-thumbnail","6":"product_cat-oficina-y-negocios","8":"first","9":"instock","10":"taxable","11":"shipping-taxable","12":"purchasable","13":"product-type-variable","14":"has-default-attributes"},"aioseo_notices":[],"_links":{"self":[{"href":"https:\/\/imprimeideas.es\/en\/wp-json\/wp\/v2\/product\/41525","targetHints":{"allow":["GET"]}}],"collection":[{"href":"https:\/\/imprimeideas.es\/en\/wp-json\/wp\/v2\/product"}],"about":[{"href":"https:\/\/imprimeideas.es\/en\/wp-json\/wp\/v2\/types\/product"}],"replies":[{"embeddable":true,"href":"https:\/\/imprimeideas.es\/en\/wp-json\/wp\/v2\/comments?post=41525"}],"version-history":[{"count":1,"href":"https:\/\/imprimeideas.es\/en\/wp-json\/wp\/v2\/product\/41525\/revisions"}],"predecessor-version":[{"id":54800,"href":"https:\/\/imprimeideas.es\/en\/wp-json\/wp\/v2\/product\/41525\/revisions\/54800"}],"wp:featuredmedia":[{"embeddable":true,"href":"https:\/\/imprimeideas.es\/en\/wp-json\/wp\/v2\/media\/84637"}],"wp:attachment":[{"href":"https:\/\/imprimeideas.es\/en\/wp-json\/wp\/v2\/media?parent=41525"}],"wp:term":[{"taxonomy":"product_brand","embeddable":true,"href":"https:\/\/imprimeideas.es\/en\/wp-json\/wp\/v2\/product_brand?post=41525"},{"taxonomy":"product_cat","embeddable":true,"href":"https:\/\/imprimeideas.es\/en\/wp-json\/wp\/v2\/product_cat?post=41525"},{"taxonomy":"product_tag","embeddable":true,"href":"https:\/\/imprimeideas.es\/en\/wp-json\/wp\/v2\/product_tag?post=41525"}],"curies":[{"name":"wp","href":"https:\/\/api.w.org\/{rel}","templated":true}]}}