{"id":41521,"date":"2026-02-24T11:26:07","date_gmt":"2026-02-24T10:26:07","guid":{"rendered":"https:\/\/imprimeideas.es\/?post_type=product&p=41521"},"modified":"2026-02-26T18:28:05","modified_gmt":"2026-02-26T17:28:05","slug":"calentador-tazas-cargador-nodens","status":"publish","type":"product","link":"https:\/\/imprimeideas.es\/en\/product\/calentador-tazas-cargador-nodens\/","title":{"rendered":"Calentador Tazas Cargador Nodens"},"content":{"rendered":"<p>Calentador de tazas de l\u00ednea nature, con cargador inal\u00e1mbrico integrado 10W. Fabricado en bamb\u00fa, con una amplia superficie que permite calentar la taza y cargar el dispositivo simult\u00e1neamente. Compatible con dispositivos equipados con tecnolog\u00eda de carga inal\u00e1mbrica Qi. Incluye cable de carga Tipo C de 1 m y base antideslizante. Con manual de instrucciones en espa\u00f1ol e ingl\u00e9s y presentado en caja individual de dise\u00f1o kraft.Fabricado conforme a los est\u00e1ndares RoHS y en cumplimiento con los siguientes requisitos de seguridad:Sistema de protecci\u00f3n contra sobrecalentamiento.Sistema de protecci\u00f3n contra sobrecarga.Sistema de bloqueo para evitar cortocircuitos.Sistema de transferencia de carga constante, acorde a la capacidad del dispositivo de destino.<\/p>","protected":false},"excerpt":{"rendered":"<p>Inal\u00e1mbrico 10W. Conexi\u00f3n USB<\/p>","protected":false},"featured_media":66919,"comment_status":"open","ping_status":"open","template":"","meta":{"inline_featured_image":false},"product_brand":[],"product_cat":[122,96,95],"product_tag":[],"class_list":{"0":"post-41521","1":"product","2":"type-product","3":"status-publish","4":"has-post-thumbnail","6":"product_cat-articulos-sostenibles","7":"product_cat-oficina-y-negocios","8":"product_cat-tecnologia-y-accesorios","10":"first","11":"outofstock","12":"taxable","13":"shipping-taxable","14":"purchasable","15":"product-type-variable","16":"has-default-attributes"},"aioseo_notices":[],"_links":{"self":[{"href":"https:\/\/imprimeideas.es\/en\/wp-json\/wp\/v2\/product\/41521","targetHints":{"allow":["GET"]}}],"collection":[{"href":"https:\/\/imprimeideas.es\/en\/wp-json\/wp\/v2\/product"}],"about":[{"href":"https:\/\/imprimeideas.es\/en\/wp-json\/wp\/v2\/types\/product"}],"replies":[{"embeddable":true,"href":"https:\/\/imprimeideas.es\/en\/wp-json\/wp\/v2\/comments?post=41521"}],"version-history":[{"count":1,"href":"https:\/\/imprimeideas.es\/en\/wp-json\/wp\/v2\/product\/41521\/revisions"}],"predecessor-version":[{"id":54798,"href":"https:\/\/imprimeideas.es\/en\/wp-json\/wp\/v2\/product\/41521\/revisions\/54798"}],"wp:featuredmedia":[{"embeddable":true,"href":"https:\/\/imprimeideas.es\/en\/wp-json\/wp\/v2\/media\/66919"}],"wp:attachment":[{"href":"https:\/\/imprimeideas.es\/en\/wp-json\/wp\/v2\/media?parent=41521"}],"wp:term":[{"taxonomy":"product_brand","embeddable":true,"href":"https:\/\/imprimeideas.es\/en\/wp-json\/wp\/v2\/product_brand?post=41521"},{"taxonomy":"product_cat","embeddable":true,"href":"https:\/\/imprimeideas.es\/en\/wp-json\/wp\/v2\/product_cat?post=41521"},{"taxonomy":"product_tag","embeddable":true,"href":"https:\/\/imprimeideas.es\/en\/wp-json\/wp\/v2\/product_tag?post=41521"}],"curies":[{"name":"wp","href":"https:\/\/api.w.org\/{rel}","templated":true}]}}