{"id":41519,"date":"2026-02-24T11:26:07","date_gmt":"2026-02-24T10:26:07","guid":{"rendered":"https:\/\/imprimeideas.es\/?post_type=product&p=41519"},"modified":"2026-02-26T18:32:54","modified_gmt":"2026-02-26T17:32:54","slug":"humidificador-krougax","status":"publish","type":"product","link":"https:\/\/imprimeideas.es\/en\/product\/humidificador-krougax\/","title":{"rendered":"Humidificador Krougax"},"content":{"rendered":"<p>Elegante y decorativo humidificador, fabricado en resistente PP y base en corcho natural. Con 2 modos de vaporizaci\u00f3n y dep\u00f3sito de 200 ml, indicado para uso en estancias de hasta 25m2. Conexi\u00f3n USB, con cable Tipo C incluido de 1 m. Presentado en caja individual de dise\u00f1o kraft, con manual de instrucciones en espa\u00f1ol e ingl\u00e9s y filtro de recambio.<\/p>","protected":false},"excerpt":{"rendered":"<p>200 ml. 2 Posiciones de Vapor. Conexi\u00f3n USB<\/p>","protected":false},"featured_media":71138,"comment_status":"open","ping_status":"open","template":"","meta":{"inline_featured_image":false},"product_brand":[],"product_cat":[122,104],"product_tag":[],"class_list":{"0":"post-41519","1":"product","2":"type-product","3":"status-publish","4":"has-post-thumbnail","6":"product_cat-articulos-sostenibles","7":"product_cat-hogar-y-decoracion","9":"first","10":"instock","11":"taxable","12":"shipping-taxable","13":"purchasable","14":"product-type-variable","15":"has-default-attributes"},"aioseo_notices":[],"_links":{"self":[{"href":"https:\/\/imprimeideas.es\/en\/wp-json\/wp\/v2\/product\/41519","targetHints":{"allow":["GET"]}}],"collection":[{"href":"https:\/\/imprimeideas.es\/en\/wp-json\/wp\/v2\/product"}],"about":[{"href":"https:\/\/imprimeideas.es\/en\/wp-json\/wp\/v2\/types\/product"}],"replies":[{"embeddable":true,"href":"https:\/\/imprimeideas.es\/en\/wp-json\/wp\/v2\/comments?post=41519"}],"version-history":[{"count":1,"href":"https:\/\/imprimeideas.es\/en\/wp-json\/wp\/v2\/product\/41519\/revisions"}],"predecessor-version":[{"id":54797,"href":"https:\/\/imprimeideas.es\/en\/wp-json\/wp\/v2\/product\/41519\/revisions\/54797"}],"wp:featuredmedia":[{"embeddable":true,"href":"https:\/\/imprimeideas.es\/en\/wp-json\/wp\/v2\/media\/71138"}],"wp:attachment":[{"href":"https:\/\/imprimeideas.es\/en\/wp-json\/wp\/v2\/media?parent=41519"}],"wp:term":[{"taxonomy":"product_brand","embeddable":true,"href":"https:\/\/imprimeideas.es\/en\/wp-json\/wp\/v2\/product_brand?post=41519"},{"taxonomy":"product_cat","embeddable":true,"href":"https:\/\/imprimeideas.es\/en\/wp-json\/wp\/v2\/product_cat?post=41519"},{"taxonomy":"product_tag","embeddable":true,"href":"https:\/\/imprimeideas.es\/en\/wp-json\/wp\/v2\/product_tag?post=41519"}],"curies":[{"name":"wp","href":"https:\/\/api.w.org\/{rel}","templated":true}]}}