{"id":41503,"date":"2026-02-24T11:26:05","date_gmt":"2026-02-24T10:26:05","guid":{"rendered":"https:\/\/imprimeideas.es\/?post_type=product&p=41503"},"modified":"2026-02-26T18:32:54","modified_gmt":"2026-02-26T17:32:54","slug":"lanyard-nerthus","status":"publish","type":"product","link":"https:\/\/imprimeideas.es\/en\/product\/lanyard-nerthus\/","title":{"rendered":"Lanyard Nerthus"},"content":{"rendered":"<p>Lanyard de l\u00ednea nature fabricado en resistente cart\u00f3n reciclado. Con mosquet\u00f3n met\u00e1lico giratorio.<\/p>","protected":false},"excerpt":{"rendered":"<p>Lanyard de l\u00ednea nature fabricado en resistente cart\u00f3n reciclado. Con mosquet\u00f3n met\u00e1lico giratorio.<\/p>","protected":false},"featured_media":68917,"comment_status":"open","ping_status":"open","template":"","meta":{"inline_featured_image":false},"product_brand":[],"product_cat":[113,106],"product_tag":[],"class_list":{"0":"post-41503","1":"product","2":"type-product","3":"status-publish","4":"has-post-thumbnail","6":"product_cat-eventos-y-fiesta","7":"product_cat-regalos-y-premiums","9":"first","10":"instock","11":"taxable","12":"shipping-taxable","13":"purchasable","14":"product-type-variable","15":"has-default-attributes"},"aioseo_notices":[],"_links":{"self":[{"href":"https:\/\/imprimeideas.es\/en\/wp-json\/wp\/v2\/product\/41503","targetHints":{"allow":["GET"]}}],"collection":[{"href":"https:\/\/imprimeideas.es\/en\/wp-json\/wp\/v2\/product"}],"about":[{"href":"https:\/\/imprimeideas.es\/en\/wp-json\/wp\/v2\/types\/product"}],"replies":[{"embeddable":true,"href":"https:\/\/imprimeideas.es\/en\/wp-json\/wp\/v2\/comments?post=41503"}],"version-history":[{"count":1,"href":"https:\/\/imprimeideas.es\/en\/wp-json\/wp\/v2\/product\/41503\/revisions"}],"predecessor-version":[{"id":54789,"href":"https:\/\/imprimeideas.es\/en\/wp-json\/wp\/v2\/product\/41503\/revisions\/54789"}],"wp:featuredmedia":[{"embeddable":true,"href":"https:\/\/imprimeideas.es\/en\/wp-json\/wp\/v2\/media\/68917"}],"wp:attachment":[{"href":"https:\/\/imprimeideas.es\/en\/wp-json\/wp\/v2\/media?parent=41503"}],"wp:term":[{"taxonomy":"product_brand","embeddable":true,"href":"https:\/\/imprimeideas.es\/en\/wp-json\/wp\/v2\/product_brand?post=41503"},{"taxonomy":"product_cat","embeddable":true,"href":"https:\/\/imprimeideas.es\/en\/wp-json\/wp\/v2\/product_cat?post=41503"},{"taxonomy":"product_tag","embeddable":true,"href":"https:\/\/imprimeideas.es\/en\/wp-json\/wp\/v2\/product_tag?post=41503"}],"curies":[{"name":"wp","href":"https:\/\/api.w.org\/{rel}","templated":true}]}}