{"id":41498,"date":"2026-02-24T11:26:05","date_gmt":"2026-02-24T10:26:05","guid":{"rendered":"https:\/\/imprimeideas.es\/?post_type=product&p=41498"},"modified":"2026-02-26T18:37:38","modified_gmt":"2026-02-26T17:37:38","slug":"rascador-hielo-gunon","status":"publish","type":"product","link":"https:\/\/imprimeideas.es\/en\/product\/rascador-hielo-gunon\/","title":{"rendered":"Rascador Hielo Gu\u00f1on"},"content":{"rendered":"<p>Rascador de hielo de l\u00ednea nature, fabricado en resistente ca\u00f1a de trigo. Con c\u00f3moda asa troquelada y paleta de gran tama\u00f1o. Distintivo ca\u00f1a de trigo inyectado en molde. La ca\u00f1a de trigo fomenta la utilizaci\u00f3n de materias primas naturales, reduciendo as\u00ed las emisiones contaminantes.<\/p>","protected":false},"excerpt":{"rendered":"<p>Rascador de hielo de l\u00ednea nature, fabricado en resistente ca\u00f1a de trigo. Con c\u00f3moda asa troquelada y paleta de gran<\/p>","protected":false},"featured_media":75607,"comment_status":"open","ping_status":"open","template":"","meta":{"inline_featured_image":false},"product_brand":[],"product_cat":[122,110],"product_tag":[],"class_list":{"0":"post-41498","1":"product","2":"type-product","3":"status-publish","4":"has-post-thumbnail","6":"product_cat-articulos-sostenibles","7":"product_cat-herramientas-brico-y-automovil","9":"first","10":"instock","11":"taxable","12":"shipping-taxable","13":"purchasable","14":"product-type-variable","15":"has-default-attributes"},"aioseo_notices":[],"_links":{"self":[{"href":"https:\/\/imprimeideas.es\/en\/wp-json\/wp\/v2\/product\/41498","targetHints":{"allow":["GET"]}}],"collection":[{"href":"https:\/\/imprimeideas.es\/en\/wp-json\/wp\/v2\/product"}],"about":[{"href":"https:\/\/imprimeideas.es\/en\/wp-json\/wp\/v2\/types\/product"}],"replies":[{"embeddable":true,"href":"https:\/\/imprimeideas.es\/en\/wp-json\/wp\/v2\/comments?post=41498"}],"version-history":[{"count":1,"href":"https:\/\/imprimeideas.es\/en\/wp-json\/wp\/v2\/product\/41498\/revisions"}],"predecessor-version":[{"id":54787,"href":"https:\/\/imprimeideas.es\/en\/wp-json\/wp\/v2\/product\/41498\/revisions\/54787"}],"wp:featuredmedia":[{"embeddable":true,"href":"https:\/\/imprimeideas.es\/en\/wp-json\/wp\/v2\/media\/75607"}],"wp:attachment":[{"href":"https:\/\/imprimeideas.es\/en\/wp-json\/wp\/v2\/media?parent=41498"}],"wp:term":[{"taxonomy":"product_brand","embeddable":true,"href":"https:\/\/imprimeideas.es\/en\/wp-json\/wp\/v2\/product_brand?post=41498"},{"taxonomy":"product_cat","embeddable":true,"href":"https:\/\/imprimeideas.es\/en\/wp-json\/wp\/v2\/product_cat?post=41498"},{"taxonomy":"product_tag","embeddable":true,"href":"https:\/\/imprimeideas.es\/en\/wp-json\/wp\/v2\/product_tag?post=41498"}],"curies":[{"name":"wp","href":"https:\/\/api.w.org\/{rel}","templated":true}]}}