{"id":41491,"date":"2026-02-24T11:26:04","date_gmt":"2026-02-24T10:26:04","guid":{"rendered":"https:\/\/imprimeideas.es\/?post_type=product&p=41491"},"modified":"2026-02-25T19:56:44","modified_gmt":"2026-02-25T18:56:44","slug":"bidon-termico-duky","status":"publish","type":"product","link":"https:\/\/imprimeideas.es\/en\/product\/bidon-termico-duky\/","title":{"rendered":"Bid\u00f3n T\u00e9rmico Duky"},"content":{"rendered":"<p>Bid\u00f3n t\u00e9rmico de 500 ml de capacidad, fabricado en acero inox de doble pared y acabado mate. Incluye original tap\u00f3n a rosca en acero inox, con detalle de bamb\u00fa y asa integrada. Libre de BPA y presentado en caja individual de dise\u00f1o kraft.<\/p>","protected":false},"excerpt":{"rendered":"<p>500 ml<\/p>","protected":false},"featured_media":85870,"comment_status":"open","ping_status":"open","template":"","meta":{"inline_featured_image":false},"product_brand":[],"product_cat":[122,97],"product_tag":[],"class_list":{"0":"post-41491","1":"product","2":"type-product","3":"status-publish","4":"has-post-thumbnail","6":"product_cat-articulos-sostenibles","7":"product_cat-tazas-jarras-y-termos","9":"first","10":"outofstock","11":"taxable","12":"shipping-taxable","13":"purchasable","14":"product-type-variable","15":"has-default-attributes"},"aioseo_notices":[],"_links":{"self":[{"href":"https:\/\/imprimeideas.es\/en\/wp-json\/wp\/v2\/product\/41491","targetHints":{"allow":["GET"]}}],"collection":[{"href":"https:\/\/imprimeideas.es\/en\/wp-json\/wp\/v2\/product"}],"about":[{"href":"https:\/\/imprimeideas.es\/en\/wp-json\/wp\/v2\/types\/product"}],"replies":[{"embeddable":true,"href":"https:\/\/imprimeideas.es\/en\/wp-json\/wp\/v2\/comments?post=41491"}],"version-history":[{"count":1,"href":"https:\/\/imprimeideas.es\/en\/wp-json\/wp\/v2\/product\/41491\/revisions"}],"predecessor-version":[{"id":54785,"href":"https:\/\/imprimeideas.es\/en\/wp-json\/wp\/v2\/product\/41491\/revisions\/54785"}],"wp:featuredmedia":[{"embeddable":true,"href":"https:\/\/imprimeideas.es\/en\/wp-json\/wp\/v2\/media\/85870"}],"wp:attachment":[{"href":"https:\/\/imprimeideas.es\/en\/wp-json\/wp\/v2\/media?parent=41491"}],"wp:term":[{"taxonomy":"product_brand","embeddable":true,"href":"https:\/\/imprimeideas.es\/en\/wp-json\/wp\/v2\/product_brand?post=41491"},{"taxonomy":"product_cat","embeddable":true,"href":"https:\/\/imprimeideas.es\/en\/wp-json\/wp\/v2\/product_cat?post=41491"},{"taxonomy":"product_tag","embeddable":true,"href":"https:\/\/imprimeideas.es\/en\/wp-json\/wp\/v2\/product_tag?post=41491"}],"curies":[{"name":"wp","href":"https:\/\/api.w.org\/{rel}","templated":true}]}}