{"id":41484,"date":"2026-02-24T11:26:04","date_gmt":"2026-02-24T10:26:04","guid":{"rendered":"https:\/\/imprimeideas.es\/?post_type=product&p=41484"},"modified":"2026-02-26T18:03:12","modified_gmt":"2026-02-26T17:03:12","slug":"funda-ordenador-portatil-leduc","status":"publish","type":"product","link":"https:\/\/imprimeideas.es\/en\/product\/funda-ordenador-portatil-leduc\/","title":{"rendered":"Funda Ordenador Port\u00e1til Leduc"},"content":{"rendered":"<p>Original funda para ordenador port\u00e1til, fabricada en resistente canvas de acabado natural. Compartimento principal con cierre de cremallera a juego y asa de transporte. Con cinta bandolera ajustable a juego y bolsillo exterior con cierre de cremallera. Para ordenador port\u00e1til o tablet de hasta 15 pulgadas. El canvas es un tejido muy vers\u00e1til y duradero, compuesto en su mayor medida de algod\u00f3n. Contribuye al cuidado del medio ambiente, ya que gracias a su resistencia ofrece una gran capacidad de reutilizaci\u00f3n.<\/p>","protected":false},"excerpt":{"rendered":"<p>Original funda para ordenador port\u00e1til, fabricada en resistente canvas de acabado natural. Compartimento principal con cierre de cremallera a juego<\/p>","protected":false},"featured_media":81105,"comment_status":"open","ping_status":"open","template":"","meta":{"inline_featured_image":false},"product_brand":[],"product_cat":[122,96],"product_tag":[],"class_list":{"0":"post-41484","1":"product","2":"type-product","3":"status-publish","4":"has-post-thumbnail","6":"product_cat-articulos-sostenibles","7":"product_cat-oficina-y-negocios","9":"first","10":"instock","11":"taxable","12":"shipping-taxable","13":"purchasable","14":"product-type-variable","15":"has-default-attributes"},"aioseo_notices":[],"_links":{"self":[{"href":"https:\/\/imprimeideas.es\/en\/wp-json\/wp\/v2\/product\/41484","targetHints":{"allow":["GET"]}}],"collection":[{"href":"https:\/\/imprimeideas.es\/en\/wp-json\/wp\/v2\/product"}],"about":[{"href":"https:\/\/imprimeideas.es\/en\/wp-json\/wp\/v2\/types\/product"}],"replies":[{"embeddable":true,"href":"https:\/\/imprimeideas.es\/en\/wp-json\/wp\/v2\/comments?post=41484"}],"version-history":[{"count":1,"href":"https:\/\/imprimeideas.es\/en\/wp-json\/wp\/v2\/product\/41484\/revisions"}],"predecessor-version":[{"id":54782,"href":"https:\/\/imprimeideas.es\/en\/wp-json\/wp\/v2\/product\/41484\/revisions\/54782"}],"wp:featuredmedia":[{"embeddable":true,"href":"https:\/\/imprimeideas.es\/en\/wp-json\/wp\/v2\/media\/81105"}],"wp:attachment":[{"href":"https:\/\/imprimeideas.es\/en\/wp-json\/wp\/v2\/media?parent=41484"}],"wp:term":[{"taxonomy":"product_brand","embeddable":true,"href":"https:\/\/imprimeideas.es\/en\/wp-json\/wp\/v2\/product_brand?post=41484"},{"taxonomy":"product_cat","embeddable":true,"href":"https:\/\/imprimeideas.es\/en\/wp-json\/wp\/v2\/product_cat?post=41484"},{"taxonomy":"product_tag","embeddable":true,"href":"https:\/\/imprimeideas.es\/en\/wp-json\/wp\/v2\/product_tag?post=41484"}],"curies":[{"name":"wp","href":"https:\/\/api.w.org\/{rel}","templated":true}]}}