{"id":41473,"date":"2026-02-24T11:26:02","date_gmt":"2026-02-24T10:26:02","guid":{"rendered":"https:\/\/imprimeideas.es\/?post_type=product&p=41473"},"modified":"2026-02-26T18:23:12","modified_gmt":"2026-02-26T17:23:12","slug":"funda-ordenador-portatil-brack","status":"publish","type":"product","link":"https:\/\/imprimeideas.es\/en\/product\/funda-ordenador-portatil-brack\/","title":{"rendered":"Funda Ordenador Port\u00e1til Brack"},"content":{"rendered":"<p>Original y suave funda de ordenador de l\u00ednea nature, elaborada en resistente fieltro RPET. Compartimento principal con solapa en polipiel de tono marr\u00f3n y cierres de corchete. Tira en la base en polipiel a juego y con funci\u00f3n asa. Para ordenador port\u00e1til o tablet de hasta 14 pulgadas. Etiqueta con distintivo RPET en exterior.El fieltro RPET es fruto de la combinaci\u00f3n del proceso de reciclaje de materiales pl\u00e1sticos junto con la t\u00e9cnica milenaria de fabricaci\u00f3n del fieltro, dando como resultado un material de eco-tendencia que, adem\u00e1s de ser de origen reciclado, tambi\u00e9n se convierte en reciclable.<\/p>","protected":false},"excerpt":{"rendered":"<p>Original y suave funda de ordenador de l\u00ednea nature, elaborada en resistente fieltro RPET. Compartimento principal con solapa en polipiel<\/p>","protected":false},"featured_media":72955,"comment_status":"open","ping_status":"open","template":"","meta":{"inline_featured_image":false},"product_brand":[],"product_cat":[122,96],"product_tag":[],"class_list":{"0":"post-41473","1":"product","2":"type-product","3":"status-publish","4":"has-post-thumbnail","6":"product_cat-articulos-sostenibles","7":"product_cat-oficina-y-negocios","9":"first","10":"instock","11":"taxable","12":"shipping-taxable","13":"purchasable","14":"product-type-variable","15":"has-default-attributes"},"aioseo_notices":[],"_links":{"self":[{"href":"https:\/\/imprimeideas.es\/en\/wp-json\/wp\/v2\/product\/41473","targetHints":{"allow":["GET"]}}],"collection":[{"href":"https:\/\/imprimeideas.es\/en\/wp-json\/wp\/v2\/product"}],"about":[{"href":"https:\/\/imprimeideas.es\/en\/wp-json\/wp\/v2\/types\/product"}],"replies":[{"embeddable":true,"href":"https:\/\/imprimeideas.es\/en\/wp-json\/wp\/v2\/comments?post=41473"}],"version-history":[{"count":1,"href":"https:\/\/imprimeideas.es\/en\/wp-json\/wp\/v2\/product\/41473\/revisions"}],"predecessor-version":[{"id":54778,"href":"https:\/\/imprimeideas.es\/en\/wp-json\/wp\/v2\/product\/41473\/revisions\/54778"}],"wp:featuredmedia":[{"embeddable":true,"href":"https:\/\/imprimeideas.es\/en\/wp-json\/wp\/v2\/media\/72955"}],"wp:attachment":[{"href":"https:\/\/imprimeideas.es\/en\/wp-json\/wp\/v2\/media?parent=41473"}],"wp:term":[{"taxonomy":"product_brand","embeddable":true,"href":"https:\/\/imprimeideas.es\/en\/wp-json\/wp\/v2\/product_brand?post=41473"},{"taxonomy":"product_cat","embeddable":true,"href":"https:\/\/imprimeideas.es\/en\/wp-json\/wp\/v2\/product_cat?post=41473"},{"taxonomy":"product_tag","embeddable":true,"href":"https:\/\/imprimeideas.es\/en\/wp-json\/wp\/v2\/product_tag?post=41473"}],"curies":[{"name":"wp","href":"https:\/\/api.w.org\/{rel}","templated":true}]}}