{"id":41456,"date":"2026-02-24T11:25:41","date_gmt":"2026-02-24T10:25:41","guid":{"rendered":"https:\/\/imprimeideas.es\/?post_type=product&p=41456"},"modified":"2026-02-26T18:28:04","modified_gmt":"2026-02-26T17:28:04","slug":"mochila-polack","status":"publish","type":"product","link":"https:\/\/imprimeideas.es\/en\/product\/mochila-polack\/","title":{"rendered":"Mochila Polack"},"content":{"rendered":"<p>Mochila de alta calidad fabricada en RNYLON 420D. Compartimento principal con cierre de cremallera a juego y doble tirador. Incluye bolsillo exterior de cremallera y 2 bolsillos laterales de redecilla. Acolchado en asa, parte trasera y cintas para hombros, estas \u00faltimas ajustables. Interior con compartimento acolchado para ordenador port\u00e1til de hasta 15 pulgadas y accesorio en espalda para ajuste en trolley. Disponible en variada gama de colores, con distintivo reciclado en etiqueta exterior.El material RNYLON se elabora a partir de pl\u00e1stico reciclado, para as\u00ed fomentar la reutilizaci\u00f3n de residuos pl\u00e1sticos y ayudar a la sostenibilidad del planeta.<\/p>","protected":false},"excerpt":{"rendered":"<p>Bolsillo Acolchado para Port\u00e1til. Parte Trasera y Cintas Acolchadas<\/p>","protected":false},"featured_media":85159,"comment_status":"open","ping_status":"open","template":"","meta":{"inline_featured_image":false},"product_brand":[],"product_cat":[122,94],"product_tag":[],"class_list":{"0":"post-41456","1":"product","2":"type-product","3":"status-publish","4":"has-post-thumbnail","6":"product_cat-articulos-sostenibles","7":"product_cat-mochilas","9":"first","10":"instock","11":"taxable","12":"shipping-taxable","13":"purchasable","14":"product-type-variable","15":"has-default-attributes"},"aioseo_notices":[],"_links":{"self":[{"href":"https:\/\/imprimeideas.es\/en\/wp-json\/wp\/v2\/product\/41456","targetHints":{"allow":["GET"]}}],"collection":[{"href":"https:\/\/imprimeideas.es\/en\/wp-json\/wp\/v2\/product"}],"about":[{"href":"https:\/\/imprimeideas.es\/en\/wp-json\/wp\/v2\/types\/product"}],"replies":[{"embeddable":true,"href":"https:\/\/imprimeideas.es\/en\/wp-json\/wp\/v2\/comments?post=41456"}],"version-history":[{"count":1,"href":"https:\/\/imprimeideas.es\/en\/wp-json\/wp\/v2\/product\/41456\/revisions"}],"predecessor-version":[{"id":54774,"href":"https:\/\/imprimeideas.es\/en\/wp-json\/wp\/v2\/product\/41456\/revisions\/54774"}],"wp:featuredmedia":[{"embeddable":true,"href":"https:\/\/imprimeideas.es\/en\/wp-json\/wp\/v2\/media\/85159"}],"wp:attachment":[{"href":"https:\/\/imprimeideas.es\/en\/wp-json\/wp\/v2\/media?parent=41456"}],"wp:term":[{"taxonomy":"product_brand","embeddable":true,"href":"https:\/\/imprimeideas.es\/en\/wp-json\/wp\/v2\/product_brand?post=41456"},{"taxonomy":"product_cat","embeddable":true,"href":"https:\/\/imprimeideas.es\/en\/wp-json\/wp\/v2\/product_cat?post=41456"},{"taxonomy":"product_tag","embeddable":true,"href":"https:\/\/imprimeideas.es\/en\/wp-json\/wp\/v2\/product_tag?post=41456"}],"curies":[{"name":"wp","href":"https:\/\/api.w.org\/{rel}","templated":true}]}}