{"id":41444,"date":"2026-02-24T11:25:40","date_gmt":"2026-02-24T10:25:40","guid":{"rendered":"https:\/\/imprimeideas.es\/?post_type=product&p=41444"},"modified":"2026-02-26T18:23:20","modified_gmt":"2026-02-26T17:23:20","slug":"petate-bandam","status":"publish","type":"product","link":"https:\/\/imprimeideas.es\/en\/product\/petate-bandam\/","title":{"rendered":"Petate Bandam"},"content":{"rendered":"<p>Petate de l\u00ednea nature fabricado en 100% algod\u00f3n reciclado de 200g\/m2. Con cord\u00f3n de cierre en algod\u00f3n y resistentes argollas met\u00e1licas. Disponible en variada gama de colores, con distintivo algod\u00f3n reciclado en etiqueta exterior. Certificaci\u00f3n GRS (Global Recycled Standard \/ Est\u00e1ndar de Reciclaje Global), que garantiza el origen reciclado del material usado para fabricar el producto<\/p>","protected":false},"excerpt":{"rendered":"<p>Petate de l\u00ednea nature fabricado en 100% algod\u00f3n reciclado de 200g\/m2. Con cord\u00f3n de cierre en algod\u00f3n y resistentes argollas<\/p>","protected":false},"featured_media":81770,"comment_status":"open","ping_status":"open","template":"","meta":{"inline_featured_image":false},"product_brand":[],"product_cat":[122,94],"product_tag":[],"class_list":{"0":"post-41444","1":"product","2":"type-product","3":"status-publish","4":"has-post-thumbnail","6":"product_cat-articulos-sostenibles","7":"product_cat-mochilas","9":"first","10":"instock","11":"taxable","12":"shipping-taxable","13":"purchasable","14":"product-type-variable","15":"has-default-attributes"},"aioseo_notices":[],"_links":{"self":[{"href":"https:\/\/imprimeideas.es\/en\/wp-json\/wp\/v2\/product\/41444","targetHints":{"allow":["GET"]}}],"collection":[{"href":"https:\/\/imprimeideas.es\/en\/wp-json\/wp\/v2\/product"}],"about":[{"href":"https:\/\/imprimeideas.es\/en\/wp-json\/wp\/v2\/types\/product"}],"replies":[{"embeddable":true,"href":"https:\/\/imprimeideas.es\/en\/wp-json\/wp\/v2\/comments?post=41444"}],"version-history":[{"count":1,"href":"https:\/\/imprimeideas.es\/en\/wp-json\/wp\/v2\/product\/41444\/revisions"}],"predecessor-version":[{"id":54771,"href":"https:\/\/imprimeideas.es\/en\/wp-json\/wp\/v2\/product\/41444\/revisions\/54771"}],"wp:featuredmedia":[{"embeddable":true,"href":"https:\/\/imprimeideas.es\/en\/wp-json\/wp\/v2\/media\/81770"}],"wp:attachment":[{"href":"https:\/\/imprimeideas.es\/en\/wp-json\/wp\/v2\/media?parent=41444"}],"wp:term":[{"taxonomy":"product_brand","embeddable":true,"href":"https:\/\/imprimeideas.es\/en\/wp-json\/wp\/v2\/product_brand?post=41444"},{"taxonomy":"product_cat","embeddable":true,"href":"https:\/\/imprimeideas.es\/en\/wp-json\/wp\/v2\/product_cat?post=41444"},{"taxonomy":"product_tag","embeddable":true,"href":"https:\/\/imprimeideas.es\/en\/wp-json\/wp\/v2\/product_tag?post=41444"}],"curies":[{"name":"wp","href":"https:\/\/api.w.org\/{rel}","templated":true}]}}