{"id":41432,"date":"2026-02-24T11:25:39","date_gmt":"2026-02-24T10:25:39","guid":{"rendered":"https:\/\/imprimeideas.es\/?post_type=product&p=41432"},"modified":"2026-02-26T18:13:42","modified_gmt":"2026-02-26T17:13:42","slug":"mochila-saunders","status":"publish","type":"product","link":"https:\/\/imprimeideas.es\/en\/product\/mochila-saunders\/","title":{"rendered":"Mochila Saunders"},"content":{"rendered":"<p>Mochila de l\u00ednea nature fabricada en 100% algod\u00f3n org\u00e1nico de acabado natural. Compartimento principal con cierre de cremallera a juego y doble tirador. Bolsillo exterior con cierre de cremallera, con espalda y cintas para hombros acolchadas. Etiqueta exterior con distintivo algod\u00f3n org\u00e1nico y tarjeta explicativa en cart\u00f3n kraft.<\/p>","protected":false},"excerpt":{"rendered":"<p>Parte Trasera y Cintas Acolchadas<\/p>","protected":false},"featured_media":72138,"comment_status":"open","ping_status":"open","template":"","meta":{"inline_featured_image":false},"product_brand":[],"product_cat":[122,94],"product_tag":[],"class_list":{"0":"post-41432","1":"product","2":"type-product","3":"status-publish","4":"has-post-thumbnail","6":"product_cat-articulos-sostenibles","7":"product_cat-mochilas","9":"first","10":"instock","11":"taxable","12":"shipping-taxable","13":"purchasable","14":"product-type-variable","15":"has-default-attributes"},"aioseo_notices":[],"_links":{"self":[{"href":"https:\/\/imprimeideas.es\/en\/wp-json\/wp\/v2\/product\/41432","targetHints":{"allow":["GET"]}}],"collection":[{"href":"https:\/\/imprimeideas.es\/en\/wp-json\/wp\/v2\/product"}],"about":[{"href":"https:\/\/imprimeideas.es\/en\/wp-json\/wp\/v2\/types\/product"}],"replies":[{"embeddable":true,"href":"https:\/\/imprimeideas.es\/en\/wp-json\/wp\/v2\/comments?post=41432"}],"version-history":[{"count":1,"href":"https:\/\/imprimeideas.es\/en\/wp-json\/wp\/v2\/product\/41432\/revisions"}],"predecessor-version":[{"id":54768,"href":"https:\/\/imprimeideas.es\/en\/wp-json\/wp\/v2\/product\/41432\/revisions\/54768"}],"wp:featuredmedia":[{"embeddable":true,"href":"https:\/\/imprimeideas.es\/en\/wp-json\/wp\/v2\/media\/72138"}],"wp:attachment":[{"href":"https:\/\/imprimeideas.es\/en\/wp-json\/wp\/v2\/media?parent=41432"}],"wp:term":[{"taxonomy":"product_brand","embeddable":true,"href":"https:\/\/imprimeideas.es\/en\/wp-json\/wp\/v2\/product_brand?post=41432"},{"taxonomy":"product_cat","embeddable":true,"href":"https:\/\/imprimeideas.es\/en\/wp-json\/wp\/v2\/product_cat?post=41432"},{"taxonomy":"product_tag","embeddable":true,"href":"https:\/\/imprimeideas.es\/en\/wp-json\/wp\/v2\/product_tag?post=41432"}],"curies":[{"name":"wp","href":"https:\/\/api.w.org\/{rel}","templated":true}]}}