{"id":41425,"date":"2026-02-24T11:25:38","date_gmt":"2026-02-24T10:25:38","guid":{"rendered":"https:\/\/imprimeideas.es\/?post_type=product&p=41425"},"modified":"2026-02-26T18:28:05","modified_gmt":"2026-02-26T17:28:05","slug":"mochila-maziu","status":"publish","type":"product","link":"https:\/\/imprimeideas.es\/en\/product\/mochila-maziu\/","title":{"rendered":"Mochila Maziu"},"content":{"rendered":"<p>Mochila de cuerdas de l\u00ednea nature fabricada en 100% algod\u00f3n org\u00e1nico de 120g\/m2. Compartimento principal con cordones en algod\u00f3n y etiqueta exterior con distintivo algod\u00f3n org\u00e1nico. Disponible en variada gama de colores.<\/p>","protected":false},"excerpt":{"rendered":"<p>Mochila de cuerdas de l\u00ednea nature fabricada en 100% algod\u00f3n org\u00e1nico de 120g\/m2. Compartimento principal con cordones en algod\u00f3n y<\/p>","protected":false},"featured_media":63427,"comment_status":"open","ping_status":"open","template":"","meta":{"inline_featured_image":false},"product_brand":[],"product_cat":[122,94],"product_tag":[],"class_list":{"0":"post-41425","1":"product","2":"type-product","3":"status-publish","4":"has-post-thumbnail","6":"product_cat-articulos-sostenibles","7":"product_cat-mochilas","9":"first","10":"instock","11":"taxable","12":"shipping-taxable","13":"purchasable","14":"product-type-variable","15":"has-default-attributes"},"aioseo_notices":[],"_links":{"self":[{"href":"https:\/\/imprimeideas.es\/en\/wp-json\/wp\/v2\/product\/41425","targetHints":{"allow":["GET"]}}],"collection":[{"href":"https:\/\/imprimeideas.es\/en\/wp-json\/wp\/v2\/product"}],"about":[{"href":"https:\/\/imprimeideas.es\/en\/wp-json\/wp\/v2\/types\/product"}],"replies":[{"embeddable":true,"href":"https:\/\/imprimeideas.es\/en\/wp-json\/wp\/v2\/comments?post=41425"}],"version-history":[{"count":1,"href":"https:\/\/imprimeideas.es\/en\/wp-json\/wp\/v2\/product\/41425\/revisions"}],"predecessor-version":[{"id":54767,"href":"https:\/\/imprimeideas.es\/en\/wp-json\/wp\/v2\/product\/41425\/revisions\/54767"}],"wp:featuredmedia":[{"embeddable":true,"href":"https:\/\/imprimeideas.es\/en\/wp-json\/wp\/v2\/media\/63427"}],"wp:attachment":[{"href":"https:\/\/imprimeideas.es\/en\/wp-json\/wp\/v2\/media?parent=41425"}],"wp:term":[{"taxonomy":"product_brand","embeddable":true,"href":"https:\/\/imprimeideas.es\/en\/wp-json\/wp\/v2\/product_brand?post=41425"},{"taxonomy":"product_cat","embeddable":true,"href":"https:\/\/imprimeideas.es\/en\/wp-json\/wp\/v2\/product_cat?post=41425"},{"taxonomy":"product_tag","embeddable":true,"href":"https:\/\/imprimeideas.es\/en\/wp-json\/wp\/v2\/product_tag?post=41425"}],"curies":[{"name":"wp","href":"https:\/\/api.w.org\/{rel}","templated":true}]}}