{"id":41392,"date":"2026-02-24T11:25:35","date_gmt":"2026-02-24T10:25:35","guid":{"rendered":"https:\/\/imprimeideas.es\/?post_type=product&p=41392"},"modified":"2026-02-26T18:08:04","modified_gmt":"2026-02-26T17:08:04","slug":"bolsa-mariek","status":"publish","type":"product","link":"https:\/\/imprimeideas.es\/en\/product\/bolsa-mariek\/","title":{"rendered":"Bolsa Mariek"},"content":{"rendered":"<p>Bolsa de l\u00ednea nature fabricada non-woven RPET de 70g\/m2. De acabado termosellado y asas largas reforzadas (68 x 2,5cm). Disponible en variada gama de colores, con distintivo RPET en esquina inferior derecha. Resistencia hasta 5 kg de peso.El material RPET se elabora a partir de pl\u00e1stico reciclado, para as\u00ed fomentar la reutilizaci\u00f3n de residuos pl\u00e1sticos y ayudar a la sostenibilidad del planeta.<\/p>","protected":false},"excerpt":{"rendered":"<p>Bolsa de l\u00ednea nature fabricada non-woven RPET de 70g\/m2. De acabado termosellado y asas largas reforzadas (68 x 2,5cm). Disponible<\/p>","protected":false},"featured_media":79605,"comment_status":"open","ping_status":"open","template":"","meta":{"inline_featured_image":false},"product_brand":[],"product_cat":[122,99],"product_tag":[],"class_list":{"0":"post-41392","1":"product","2":"type-product","3":"status-publish","4":"has-post-thumbnail","6":"product_cat-articulos-sostenibles","7":"product_cat-bolsas","9":"first","10":"instock","11":"taxable","12":"shipping-taxable","13":"purchasable","14":"product-type-variable","15":"has-default-attributes"},"aioseo_notices":[],"_links":{"self":[{"href":"https:\/\/imprimeideas.es\/en\/wp-json\/wp\/v2\/product\/41392","targetHints":{"allow":["GET"]}}],"collection":[{"href":"https:\/\/imprimeideas.es\/en\/wp-json\/wp\/v2\/product"}],"about":[{"href":"https:\/\/imprimeideas.es\/en\/wp-json\/wp\/v2\/types\/product"}],"replies":[{"embeddable":true,"href":"https:\/\/imprimeideas.es\/en\/wp-json\/wp\/v2\/comments?post=41392"}],"version-history":[{"count":1,"href":"https:\/\/imprimeideas.es\/en\/wp-json\/wp\/v2\/product\/41392\/revisions"}],"predecessor-version":[{"id":54758,"href":"https:\/\/imprimeideas.es\/en\/wp-json\/wp\/v2\/product\/41392\/revisions\/54758"}],"wp:featuredmedia":[{"embeddable":true,"href":"https:\/\/imprimeideas.es\/en\/wp-json\/wp\/v2\/media\/79605"}],"wp:attachment":[{"href":"https:\/\/imprimeideas.es\/en\/wp-json\/wp\/v2\/media?parent=41392"}],"wp:term":[{"taxonomy":"product_brand","embeddable":true,"href":"https:\/\/imprimeideas.es\/en\/wp-json\/wp\/v2\/product_brand?post=41392"},{"taxonomy":"product_cat","embeddable":true,"href":"https:\/\/imprimeideas.es\/en\/wp-json\/wp\/v2\/product_cat?post=41392"},{"taxonomy":"product_tag","embeddable":true,"href":"https:\/\/imprimeideas.es\/en\/wp-json\/wp\/v2\/product_tag?post=41392"}],"curies":[{"name":"wp","href":"https:\/\/api.w.org\/{rel}","templated":true}]}}