{"id":41322,"date":"2026-02-24T11:25:28","date_gmt":"2026-02-24T10:25:28","guid":{"rendered":"https:\/\/imprimeideas.es\/?post_type=product&p=41322"},"modified":"2026-02-26T18:42:24","modified_gmt":"2026-02-26T17:42:24","slug":"bolsa-plegable-biyon","status":"publish","type":"product","link":"https:\/\/imprimeideas.es\/en\/product\/bolsa-plegable-biyon\/","title":{"rendered":"Bolsa Plegable Biyon"},"content":{"rendered":"<p>Bolsa plegable de l\u00ednea nature, fabricada en algod\u00f3n reciclado de 120g\/m2. De acabado cosido y con asas largas reforzadas (70 x 2,5cm). Plegado de peque\u00f1o tama\u00f1o mediante cord\u00f3n con accesorio de ajuste. Disponible en variada gama de colores, con distintivo algod\u00f3n reciclado en etiqueta exterior. Resistencia hasta 6 kg de peso. Certificaci\u00f3n GRS (Global Recycled Standard \/ Est\u00e1ndar de Reciclaje Global), que garantiza el origen reciclado del material usado para fabricar el producto<\/p>","protected":false},"excerpt":{"rendered":"<p>Bolsa plegable de l\u00ednea nature, fabricada en algod\u00f3n reciclado de 120g\/m2. De acabado cosido y con asas largas reforzadas (70<\/p>","protected":false},"featured_media":69636,"comment_status":"open","ping_status":"open","template":"","meta":{"inline_featured_image":false},"product_brand":[],"product_cat":[122,99],"product_tag":[],"class_list":{"0":"post-41322","1":"product","2":"type-product","3":"status-publish","4":"has-post-thumbnail","6":"product_cat-articulos-sostenibles","7":"product_cat-bolsas","9":"first","10":"instock","11":"taxable","12":"shipping-taxable","13":"purchasable","14":"product-type-variable","15":"has-default-attributes"},"aioseo_notices":[],"_links":{"self":[{"href":"https:\/\/imprimeideas.es\/en\/wp-json\/wp\/v2\/product\/41322","targetHints":{"allow":["GET"]}}],"collection":[{"href":"https:\/\/imprimeideas.es\/en\/wp-json\/wp\/v2\/product"}],"about":[{"href":"https:\/\/imprimeideas.es\/en\/wp-json\/wp\/v2\/types\/product"}],"replies":[{"embeddable":true,"href":"https:\/\/imprimeideas.es\/en\/wp-json\/wp\/v2\/comments?post=41322"}],"version-history":[{"count":1,"href":"https:\/\/imprimeideas.es\/en\/wp-json\/wp\/v2\/product\/41322\/revisions"}],"predecessor-version":[{"id":54745,"href":"https:\/\/imprimeideas.es\/en\/wp-json\/wp\/v2\/product\/41322\/revisions\/54745"}],"wp:featuredmedia":[{"embeddable":true,"href":"https:\/\/imprimeideas.es\/en\/wp-json\/wp\/v2\/media\/69636"}],"wp:attachment":[{"href":"https:\/\/imprimeideas.es\/en\/wp-json\/wp\/v2\/media?parent=41322"}],"wp:term":[{"taxonomy":"product_brand","embeddable":true,"href":"https:\/\/imprimeideas.es\/en\/wp-json\/wp\/v2\/product_brand?post=41322"},{"taxonomy":"product_cat","embeddable":true,"href":"https:\/\/imprimeideas.es\/en\/wp-json\/wp\/v2\/product_cat?post=41322"},{"taxonomy":"product_tag","embeddable":true,"href":"https:\/\/imprimeideas.es\/en\/wp-json\/wp\/v2\/product_tag?post=41322"}],"curies":[{"name":"wp","href":"https:\/\/api.w.org\/{rel}","templated":true}]}}