{"id":41303,"date":"2026-02-24T11:25:26","date_gmt":"2026-02-24T10:25:26","guid":{"rendered":"https:\/\/imprimeideas.es\/?post_type=product&p=41303"},"modified":"2026-02-26T18:28:01","modified_gmt":"2026-02-26T17:28:01","slug":"banderin-saraik","status":"publish","type":"product","link":"https:\/\/imprimeideas.es\/en\/product\/banderin-saraik\/","title":{"rendered":"Bander\u00edn Saraik"},"content":{"rendered":"<p>Bander\u00edn Espa\u00f1a en medida 29,5&#215;20 cm. Fabricado resistente poli\u00e9ster, con m\u00e1stil blanco de 40 cm y rematado con una bola en el extremo superior.<\/p>","protected":false},"excerpt":{"rendered":"<p>Bander\u00edn Espa\u00f1a en medida 29,5&#215;20 cm. Fabricado resistente poli\u00e9ster, con m\u00e1stil blanco de 40 cm y rematado con una bola<\/p>","protected":false},"featured_media":77550,"comment_status":"open","ping_status":"open","template":"","meta":{"inline_featured_image":false},"product_brand":[],"product_cat":[126],"product_tag":[],"class_list":{"0":"post-41303","1":"product","2":"type-product","3":"status-publish","4":"has-post-thumbnail","6":"product_cat-spain-line","8":"first","9":"instock","10":"taxable","11":"shipping-taxable","12":"purchasable","13":"product-type-variable","14":"has-default-attributes"},"aioseo_notices":[],"_links":{"self":[{"href":"https:\/\/imprimeideas.es\/en\/wp-json\/wp\/v2\/product\/41303","targetHints":{"allow":["GET"]}}],"collection":[{"href":"https:\/\/imprimeideas.es\/en\/wp-json\/wp\/v2\/product"}],"about":[{"href":"https:\/\/imprimeideas.es\/en\/wp-json\/wp\/v2\/types\/product"}],"replies":[{"embeddable":true,"href":"https:\/\/imprimeideas.es\/en\/wp-json\/wp\/v2\/comments?post=41303"}],"version-history":[{"count":1,"href":"https:\/\/imprimeideas.es\/en\/wp-json\/wp\/v2\/product\/41303\/revisions"}],"predecessor-version":[{"id":54740,"href":"https:\/\/imprimeideas.es\/en\/wp-json\/wp\/v2\/product\/41303\/revisions\/54740"}],"wp:featuredmedia":[{"embeddable":true,"href":"https:\/\/imprimeideas.es\/en\/wp-json\/wp\/v2\/media\/77550"}],"wp:attachment":[{"href":"https:\/\/imprimeideas.es\/en\/wp-json\/wp\/v2\/media?parent=41303"}],"wp:term":[{"taxonomy":"product_brand","embeddable":true,"href":"https:\/\/imprimeideas.es\/en\/wp-json\/wp\/v2\/product_brand?post=41303"},{"taxonomy":"product_cat","embeddable":true,"href":"https:\/\/imprimeideas.es\/en\/wp-json\/wp\/v2\/product_cat?post=41303"},{"taxonomy":"product_tag","embeddable":true,"href":"https:\/\/imprimeideas.es\/en\/wp-json\/wp\/v2\/product_tag?post=41303"}],"curies":[{"name":"wp","href":"https:\/\/api.w.org\/{rel}","templated":true}]}}