{"id":41290,"date":"2026-02-24T11:25:25","date_gmt":"2026-02-24T10:25:25","guid":{"rendered":"https:\/\/imprimeideas.es\/?post_type=product&p=41290"},"modified":"2026-02-26T18:13:56","modified_gmt":"2026-02-26T17:13:56","slug":"set-prasan","status":"publish","type":"product","link":"https:\/\/imprimeideas.es\/en\/product\/set-prasan\/","title":{"rendered":"Set Prasan"},"content":{"rendered":"<p>Set de gorro y guantes en talla adulto, fabricados en material acr\u00edlico el\u00e1stico y con parche en polipiel cosido para marcaje. Incluye: Par de guantes con 3 dedos t\u00e1ctiles y el\u00e1stico de ajuste en mu\u00f1eca. Gorro a juego con dobladillo.<\/p>","protected":false},"excerpt":{"rendered":"<p>Gorro y Guante T\u00e1ctil. Talla \u00danica. Adulto<\/p>","protected":false},"featured_media":75868,"comment_status":"open","ping_status":"open","template":"","meta":{"inline_featured_image":false},"product_brand":[],"product_cat":[118],"product_tag":[],"class_list":{"0":"post-41290","1":"product","2":"type-product","3":"status-publish","4":"has-post-thumbnail","6":"product_cat-lluvia-y-frio","8":"first","9":"instock","10":"taxable","11":"shipping-taxable","12":"purchasable","13":"product-type-variable","14":"has-default-attributes"},"aioseo_notices":[],"_links":{"self":[{"href":"https:\/\/imprimeideas.es\/en\/wp-json\/wp\/v2\/product\/41290","targetHints":{"allow":["GET"]}}],"collection":[{"href":"https:\/\/imprimeideas.es\/en\/wp-json\/wp\/v2\/product"}],"about":[{"href":"https:\/\/imprimeideas.es\/en\/wp-json\/wp\/v2\/types\/product"}],"replies":[{"embeddable":true,"href":"https:\/\/imprimeideas.es\/en\/wp-json\/wp\/v2\/comments?post=41290"}],"version-history":[{"count":1,"href":"https:\/\/imprimeideas.es\/en\/wp-json\/wp\/v2\/product\/41290\/revisions"}],"predecessor-version":[{"id":54737,"href":"https:\/\/imprimeideas.es\/en\/wp-json\/wp\/v2\/product\/41290\/revisions\/54737"}],"wp:featuredmedia":[{"embeddable":true,"href":"https:\/\/imprimeideas.es\/en\/wp-json\/wp\/v2\/media\/75868"}],"wp:attachment":[{"href":"https:\/\/imprimeideas.es\/en\/wp-json\/wp\/v2\/media?parent=41290"}],"wp:term":[{"taxonomy":"product_brand","embeddable":true,"href":"https:\/\/imprimeideas.es\/en\/wp-json\/wp\/v2\/product_brand?post=41290"},{"taxonomy":"product_cat","embeddable":true,"href":"https:\/\/imprimeideas.es\/en\/wp-json\/wp\/v2\/product_cat?post=41290"},{"taxonomy":"product_tag","embeddable":true,"href":"https:\/\/imprimeideas.es\/en\/wp-json\/wp\/v2\/product_tag?post=41290"}],"curies":[{"name":"wp","href":"https:\/\/api.w.org\/{rel}","templated":true}]}}