{"id":41279,"date":"2026-02-24T11:25:24","date_gmt":"2026-02-24T10:25:24","guid":{"rendered":"https:\/\/imprimeideas.es\/?post_type=product&p=41279"},"modified":"2026-02-26T18:28:05","modified_gmt":"2026-02-26T17:28:05","slug":"paraguas-dolku-xl","status":"publish","type":"product","link":"https:\/\/imprimeideas.es\/en\/product\/paraguas-dolku-xl\/","title":{"rendered":"Paraguas Dolku XL"},"content":{"rendered":"<p>Paraguas de 8 paneles tama\u00f1o XL -130 cm di\u00e1metro-, fabricado en resistente material pongee 190T. De apertura autom\u00e1tica y con mecanismo antiviento. Varillas de fibra en color negro, con mango curvado y cierre de velcro. Disponible en extensa gama de colores.<\/p>","protected":false},"excerpt":{"rendered":"<p>30&#8243;. Autom\u00e1tico. Sistema Antiviento<\/p>","protected":false},"featured_media":65817,"comment_status":"open","ping_status":"open","template":"","meta":{"inline_featured_image":false},"product_brand":[],"product_cat":[118],"product_tag":[],"class_list":{"0":"post-41279","1":"product","2":"type-product","3":"status-publish","4":"has-post-thumbnail","6":"product_cat-lluvia-y-frio","8":"first","9":"instock","10":"taxable","11":"shipping-taxable","12":"purchasable","13":"product-type-variable","14":"has-default-attributes"},"aioseo_notices":[],"_links":{"self":[{"href":"https:\/\/imprimeideas.es\/en\/wp-json\/wp\/v2\/product\/41279","targetHints":{"allow":["GET"]}}],"collection":[{"href":"https:\/\/imprimeideas.es\/en\/wp-json\/wp\/v2\/product"}],"about":[{"href":"https:\/\/imprimeideas.es\/en\/wp-json\/wp\/v2\/types\/product"}],"replies":[{"embeddable":true,"href":"https:\/\/imprimeideas.es\/en\/wp-json\/wp\/v2\/comments?post=41279"}],"version-history":[{"count":1,"href":"https:\/\/imprimeideas.es\/en\/wp-json\/wp\/v2\/product\/41279\/revisions"}],"predecessor-version":[{"id":54735,"href":"https:\/\/imprimeideas.es\/en\/wp-json\/wp\/v2\/product\/41279\/revisions\/54735"}],"wp:featuredmedia":[{"embeddable":true,"href":"https:\/\/imprimeideas.es\/en\/wp-json\/wp\/v2\/media\/65817"}],"wp:attachment":[{"href":"https:\/\/imprimeideas.es\/en\/wp-json\/wp\/v2\/media?parent=41279"}],"wp:term":[{"taxonomy":"product_brand","embeddable":true,"href":"https:\/\/imprimeideas.es\/en\/wp-json\/wp\/v2\/product_brand?post=41279"},{"taxonomy":"product_cat","embeddable":true,"href":"https:\/\/imprimeideas.es\/en\/wp-json\/wp\/v2\/product_cat?post=41279"},{"taxonomy":"product_tag","embeddable":true,"href":"https:\/\/imprimeideas.es\/en\/wp-json\/wp\/v2\/product_tag?post=41279"}],"curies":[{"name":"wp","href":"https:\/\/api.w.org\/{rel}","templated":true}]}}