{"id":41274,"date":"2026-02-24T11:25:23","date_gmt":"2026-02-24T10:25:23","guid":{"rendered":"https:\/\/imprimeideas.es\/?post_type=product&p=41274"},"modified":"2026-02-26T18:32:52","modified_gmt":"2026-02-26T17:32:52","slug":"paraguas-nouka","status":"publish","type":"product","link":"https:\/\/imprimeideas.es\/en\/product\/paraguas-nouka\/","title":{"rendered":"Paraguas Nouka"},"content":{"rendered":"<p>Paraguas plegable de 8 paneles y 106 cm de di\u00e1metro, en resistente material pongee 190T de acabado natural. De apertura manual, con varillas met\u00e1licas en negro y tira con cierre de velctro. Mango de madera con cord\u00f3n a juego y funda en mismo material.<\/p>","protected":false},"excerpt":{"rendered":"<p>23&#8243;. Mango Madera. Funda Pongee<\/p>","protected":false},"featured_media":68519,"comment_status":"open","ping_status":"open","template":"","meta":{"inline_featured_image":false},"product_brand":[],"product_cat":[118],"product_tag":[],"class_list":{"0":"post-41274","1":"product","2":"type-product","3":"status-publish","4":"has-post-thumbnail","6":"product_cat-lluvia-y-frio","8":"first","9":"outofstock","10":"taxable","11":"shipping-taxable","12":"purchasable","13":"product-type-variable","14":"has-default-attributes"},"aioseo_notices":[],"_links":{"self":[{"href":"https:\/\/imprimeideas.es\/en\/wp-json\/wp\/v2\/product\/41274","targetHints":{"allow":["GET"]}}],"collection":[{"href":"https:\/\/imprimeideas.es\/en\/wp-json\/wp\/v2\/product"}],"about":[{"href":"https:\/\/imprimeideas.es\/en\/wp-json\/wp\/v2\/types\/product"}],"replies":[{"embeddable":true,"href":"https:\/\/imprimeideas.es\/en\/wp-json\/wp\/v2\/comments?post=41274"}],"version-history":[{"count":1,"href":"https:\/\/imprimeideas.es\/en\/wp-json\/wp\/v2\/product\/41274\/revisions"}],"predecessor-version":[{"id":54733,"href":"https:\/\/imprimeideas.es\/en\/wp-json\/wp\/v2\/product\/41274\/revisions\/54733"}],"wp:featuredmedia":[{"embeddable":true,"href":"https:\/\/imprimeideas.es\/en\/wp-json\/wp\/v2\/media\/68519"}],"wp:attachment":[{"href":"https:\/\/imprimeideas.es\/en\/wp-json\/wp\/v2\/media?parent=41274"}],"wp:term":[{"taxonomy":"product_brand","embeddable":true,"href":"https:\/\/imprimeideas.es\/en\/wp-json\/wp\/v2\/product_brand?post=41274"},{"taxonomy":"product_cat","embeddable":true,"href":"https:\/\/imprimeideas.es\/en\/wp-json\/wp\/v2\/product_cat?post=41274"},{"taxonomy":"product_tag","embeddable":true,"href":"https:\/\/imprimeideas.es\/en\/wp-json\/wp\/v2\/product_tag?post=41274"}],"curies":[{"name":"wp","href":"https:\/\/api.w.org\/{rel}","templated":true}]}}