{"id":41220,"date":"2026-02-24T11:25:18","date_gmt":"2026-02-24T10:25:18","guid":{"rendered":"https:\/\/imprimeideas.es\/?post_type=product&p=41220"},"modified":"2026-02-26T18:37:38","modified_gmt":"2026-02-26T17:37:38","slug":"vaso-tromury","status":"publish","type":"product","link":"https:\/\/imprimeideas.es\/en\/product\/vaso-tromury\/","title":{"rendered":"Vaso Tromury"},"content":{"rendered":"<p>Bid\u00f3n de l\u00ednea nature de alta calidad y 500 ml de capacidad. Cuerpo fabricado en cristal de borosilicato, libre de BPA, que ofrece una resistencia y durabilidad excepcionales, alargando su vida \u00fatil y pudiendo ser reutilizado infinidad de veces. Incluye funda en corcho natural, tap\u00f3n de bamb\u00fa a presi\u00f3n con orificio para pajita y pajita reutilizable de bamb\u00fa. Presentado en caja individual de dise\u00f1o eco.<\/p>","protected":false},"excerpt":{"rendered":"<p>500 ml. Funda Corcho<\/p>","protected":false},"featured_media":74447,"comment_status":"open","ping_status":"open","template":"","meta":{"inline_featured_image":false},"product_brand":[],"product_cat":[122,97],"product_tag":[],"class_list":{"0":"post-41220","1":"product","2":"type-product","3":"status-publish","4":"has-post-thumbnail","6":"product_cat-articulos-sostenibles","7":"product_cat-tazas-jarras-y-termos","9":"first","10":"instock","11":"taxable","12":"shipping-taxable","13":"purchasable","14":"product-type-variable","15":"has-default-attributes"},"aioseo_notices":[],"_links":{"self":[{"href":"https:\/\/imprimeideas.es\/en\/wp-json\/wp\/v2\/product\/41220","targetHints":{"allow":["GET"]}}],"collection":[{"href":"https:\/\/imprimeideas.es\/en\/wp-json\/wp\/v2\/product"}],"about":[{"href":"https:\/\/imprimeideas.es\/en\/wp-json\/wp\/v2\/types\/product"}],"replies":[{"embeddable":true,"href":"https:\/\/imprimeideas.es\/en\/wp-json\/wp\/v2\/comments?post=41220"}],"version-history":[{"count":1,"href":"https:\/\/imprimeideas.es\/en\/wp-json\/wp\/v2\/product\/41220\/revisions"}],"predecessor-version":[{"id":54723,"href":"https:\/\/imprimeideas.es\/en\/wp-json\/wp\/v2\/product\/41220\/revisions\/54723"}],"wp:featuredmedia":[{"embeddable":true,"href":"https:\/\/imprimeideas.es\/en\/wp-json\/wp\/v2\/media\/74447"}],"wp:attachment":[{"href":"https:\/\/imprimeideas.es\/en\/wp-json\/wp\/v2\/media?parent=41220"}],"wp:term":[{"taxonomy":"product_brand","embeddable":true,"href":"https:\/\/imprimeideas.es\/en\/wp-json\/wp\/v2\/product_brand?post=41220"},{"taxonomy":"product_cat","embeddable":true,"href":"https:\/\/imprimeideas.es\/en\/wp-json\/wp\/v2\/product_cat?post=41220"},{"taxonomy":"product_tag","embeddable":true,"href":"https:\/\/imprimeideas.es\/en\/wp-json\/wp\/v2\/product_tag?post=41220"}],"curies":[{"name":"wp","href":"https:\/\/api.w.org\/{rel}","templated":true}]}}