{"id":41192,"date":"2026-02-24T11:25:15","date_gmt":"2026-02-24T10:25:15","guid":{"rendered":"https:\/\/imprimeideas.es\/?post_type=product&p=41192"},"modified":"2026-02-26T18:13:43","modified_gmt":"2026-02-26T17:13:43","slug":"bidon-fiodor","status":"publish","type":"product","link":"https:\/\/imprimeideas.es\/en\/product\/bidon-fiodor\/","title":{"rendered":"Bid\u00f3n Fiodor"},"content":{"rendered":"<p>Bid\u00f3n de 600ml de capacidad. Libre de BPA, con cuerpo de RPET elaborado a partir de pl\u00e1stico reciclado, para as\u00ed fomentar la reutilizaci\u00f3n de residuos pl\u00e1sticos y contribuir a la sostenibilidad del planeta. Tap\u00f3n a rosca en acero inox, con cord\u00f3n de transporte y base a juego. Disponible en variada gama de colores.<\/p>","protected":false},"excerpt":{"rendered":"<p>600 ml<\/p>","protected":false},"featured_media":66817,"comment_status":"open","ping_status":"open","template":"","meta":{"inline_featured_image":false},"product_brand":[],"product_cat":[122,97],"product_tag":[],"class_list":{"0":"post-41192","1":"product","2":"type-product","3":"status-publish","4":"has-post-thumbnail","6":"product_cat-articulos-sostenibles","7":"product_cat-tazas-jarras-y-termos","9":"first","10":"instock","11":"taxable","12":"shipping-taxable","13":"purchasable","14":"product-type-variable","15":"has-default-attributes"},"aioseo_notices":[],"_links":{"self":[{"href":"https:\/\/imprimeideas.es\/en\/wp-json\/wp\/v2\/product\/41192","targetHints":{"allow":["GET"]}}],"collection":[{"href":"https:\/\/imprimeideas.es\/en\/wp-json\/wp\/v2\/product"}],"about":[{"href":"https:\/\/imprimeideas.es\/en\/wp-json\/wp\/v2\/types\/product"}],"replies":[{"embeddable":true,"href":"https:\/\/imprimeideas.es\/en\/wp-json\/wp\/v2\/comments?post=41192"}],"version-history":[{"count":1,"href":"https:\/\/imprimeideas.es\/en\/wp-json\/wp\/v2\/product\/41192\/revisions"}],"predecessor-version":[{"id":54712,"href":"https:\/\/imprimeideas.es\/en\/wp-json\/wp\/v2\/product\/41192\/revisions\/54712"}],"wp:featuredmedia":[{"embeddable":true,"href":"https:\/\/imprimeideas.es\/en\/wp-json\/wp\/v2\/media\/66817"}],"wp:attachment":[{"href":"https:\/\/imprimeideas.es\/en\/wp-json\/wp\/v2\/media?parent=41192"}],"wp:term":[{"taxonomy":"product_brand","embeddable":true,"href":"https:\/\/imprimeideas.es\/en\/wp-json\/wp\/v2\/product_brand?post=41192"},{"taxonomy":"product_cat","embeddable":true,"href":"https:\/\/imprimeideas.es\/en\/wp-json\/wp\/v2\/product_cat?post=41192"},{"taxonomy":"product_tag","embeddable":true,"href":"https:\/\/imprimeideas.es\/en\/wp-json\/wp\/v2\/product_tag?post=41192"}],"curies":[{"name":"wp","href":"https:\/\/api.w.org\/{rel}","templated":true}]}}