{"id":41190,"date":"2026-02-24T11:25:14","date_gmt":"2026-02-24T10:25:14","guid":{"rendered":"https:\/\/imprimeideas.es\/?post_type=product&p=41190"},"modified":"2026-02-26T18:08:22","modified_gmt":"2026-02-26T17:08:22","slug":"taza-sublimacion-roset","status":"publish","type":"product","link":"https:\/\/imprimeideas.es\/en\/product\/taza-sublimacion-roset\/","title":{"rendered":"Taza Sublimaci\u00f3n Roset"},"content":{"rendered":"<p>Taza de cer\u00e1mica de 420 ml de capacidad, especialmente dise\u00f1ada para marcaje en sublimaci\u00f3n. De acabado mate, con base en corcho natural y presentada en caja individual de dise\u00f1o kraft.<\/p>","protected":false},"excerpt":{"rendered":"<p>420 ml<\/p>","protected":false},"featured_media":78855,"comment_status":"open","ping_status":"open","template":"","meta":{"inline_featured_image":false},"product_brand":[],"product_cat":[122,115,97],"product_tag":[],"class_list":{"0":"post-41190","1":"product","2":"type-product","3":"status-publish","4":"has-post-thumbnail","6":"product_cat-articulos-sostenibles","7":"product_cat-sublimacion","8":"product_cat-tazas-jarras-y-termos","10":"first","11":"instock","12":"taxable","13":"shipping-taxable","14":"purchasable","15":"product-type-variable","16":"has-default-attributes"},"aioseo_notices":[],"_links":{"self":[{"href":"https:\/\/imprimeideas.es\/en\/wp-json\/wp\/v2\/product\/41190","targetHints":{"allow":["GET"]}}],"collection":[{"href":"https:\/\/imprimeideas.es\/en\/wp-json\/wp\/v2\/product"}],"about":[{"href":"https:\/\/imprimeideas.es\/en\/wp-json\/wp\/v2\/types\/product"}],"replies":[{"embeddable":true,"href":"https:\/\/imprimeideas.es\/en\/wp-json\/wp\/v2\/comments?post=41190"}],"version-history":[{"count":1,"href":"https:\/\/imprimeideas.es\/en\/wp-json\/wp\/v2\/product\/41190\/revisions"}],"predecessor-version":[{"id":54711,"href":"https:\/\/imprimeideas.es\/en\/wp-json\/wp\/v2\/product\/41190\/revisions\/54711"}],"wp:featuredmedia":[{"embeddable":true,"href":"https:\/\/imprimeideas.es\/en\/wp-json\/wp\/v2\/media\/78855"}],"wp:attachment":[{"href":"https:\/\/imprimeideas.es\/en\/wp-json\/wp\/v2\/media?parent=41190"}],"wp:term":[{"taxonomy":"product_brand","embeddable":true,"href":"https:\/\/imprimeideas.es\/en\/wp-json\/wp\/v2\/product_brand?post=41190"},{"taxonomy":"product_cat","embeddable":true,"href":"https:\/\/imprimeideas.es\/en\/wp-json\/wp\/v2\/product_cat?post=41190"},{"taxonomy":"product_tag","embeddable":true,"href":"https:\/\/imprimeideas.es\/en\/wp-json\/wp\/v2\/product_tag?post=41190"}],"curies":[{"name":"wp","href":"https:\/\/api.w.org\/{rel}","templated":true}]}}