{"id":41168,"date":"2026-02-24T11:25:11","date_gmt":"2026-02-24T10:25:11","guid":{"rendered":"https:\/\/imprimeideas.es\/?post_type=product&p=41168"},"modified":"2026-02-26T18:27:54","modified_gmt":"2026-02-26T17:27:54","slug":"bidon-kraten","status":"publish","type":"product","link":"https:\/\/imprimeideas.es\/en\/product\/bidon-kraten\/","title":{"rendered":"Bid\u00f3n Kraten"},"content":{"rendered":"<p>Bid\u00f3n de 750 ml de capacidad, fabricado en acero inox. Con base en corcho natural y tap\u00f3n a rosca, libre de BPA. Disponible en variada gama de colores satinados y presentado en caja individual de dise\u00f1o kraft.Disponible manual de instrucciones en espa\u00f1ol e ingl\u00e9s.<\/p>","protected":false},"excerpt":{"rendered":"<p>750 ml<\/p>","protected":false},"featured_media":61399,"comment_status":"open","ping_status":"open","template":"","meta":{"inline_featured_image":false},"product_brand":[],"product_cat":[122,97],"product_tag":[],"class_list":{"0":"post-41168","1":"product","2":"type-product","3":"status-publish","4":"has-post-thumbnail","6":"product_cat-articulos-sostenibles","7":"product_cat-tazas-jarras-y-termos","9":"first","10":"instock","11":"taxable","12":"shipping-taxable","13":"purchasable","14":"product-type-variable","15":"has-default-attributes"},"aioseo_notices":[],"_links":{"self":[{"href":"https:\/\/imprimeideas.es\/en\/wp-json\/wp\/v2\/product\/41168","targetHints":{"allow":["GET"]}}],"collection":[{"href":"https:\/\/imprimeideas.es\/en\/wp-json\/wp\/v2\/product"}],"about":[{"href":"https:\/\/imprimeideas.es\/en\/wp-json\/wp\/v2\/types\/product"}],"replies":[{"embeddable":true,"href":"https:\/\/imprimeideas.es\/en\/wp-json\/wp\/v2\/comments?post=41168"}],"version-history":[{"count":1,"href":"https:\/\/imprimeideas.es\/en\/wp-json\/wp\/v2\/product\/41168\/revisions"}],"predecessor-version":[{"id":54703,"href":"https:\/\/imprimeideas.es\/en\/wp-json\/wp\/v2\/product\/41168\/revisions\/54703"}],"wp:featuredmedia":[{"embeddable":true,"href":"https:\/\/imprimeideas.es\/en\/wp-json\/wp\/v2\/media\/61399"}],"wp:attachment":[{"href":"https:\/\/imprimeideas.es\/en\/wp-json\/wp\/v2\/media?parent=41168"}],"wp:term":[{"taxonomy":"product_brand","embeddable":true,"href":"https:\/\/imprimeideas.es\/en\/wp-json\/wp\/v2\/product_brand?post=41168"},{"taxonomy":"product_cat","embeddable":true,"href":"https:\/\/imprimeideas.es\/en\/wp-json\/wp\/v2\/product_cat?post=41168"},{"taxonomy":"product_tag","embeddable":true,"href":"https:\/\/imprimeideas.es\/en\/wp-json\/wp\/v2\/product_tag?post=41168"}],"curies":[{"name":"wp","href":"https:\/\/api.w.org\/{rel}","templated":true}]}}