{"id":41161,"date":"2026-02-24T11:25:11","date_gmt":"2026-02-24T10:25:11","guid":{"rendered":"https:\/\/imprimeideas.es\/?post_type=product&p=41161"},"modified":"2026-02-26T18:23:29","modified_gmt":"2026-02-26T17:23:29","slug":"bidon-termico-willy","status":"publish","type":"product","link":"https:\/\/imprimeideas.es\/en\/product\/bidon-termico-willy\/","title":{"rendered":"Bid\u00f3n T\u00e9rmico Willy"},"content":{"rendered":"<p>Bid\u00f3n t\u00e9rmico de 750 ml de capacidad, fabricado en acero inox de doble pared. Con aislamiento de cobre al vac\u00edo, que permite mantener el calor y el fr\u00edo durante m\u00e1s tiempo, llegando a las 12 y 48 horas respectivamente. Tap\u00f3n a rosca, libre de BPA y con base a juego. Disponible en variada gama de colores metalizados y presentado en caja individual de dise\u00f1o kraft.Disponible manual de instrucciones en espa\u00f1ol e ingl\u00e9s.<\/p>","protected":false},"excerpt":{"rendered":"<p>750 ml. Aislamiento de Cobre al Vac\u00edo<\/p>","protected":false},"featured_media":86286,"comment_status":"open","ping_status":"open","template":"","meta":{"inline_featured_image":false},"product_brand":[],"product_cat":[97],"product_tag":[],"class_list":{"0":"post-41161","1":"product","2":"type-product","3":"status-publish","4":"has-post-thumbnail","6":"product_cat-tazas-jarras-y-termos","8":"first","9":"instock","10":"taxable","11":"shipping-taxable","12":"purchasable","13":"product-type-variable","14":"has-default-attributes"},"aioseo_notices":[],"_links":{"self":[{"href":"https:\/\/imprimeideas.es\/en\/wp-json\/wp\/v2\/product\/41161","targetHints":{"allow":["GET"]}}],"collection":[{"href":"https:\/\/imprimeideas.es\/en\/wp-json\/wp\/v2\/product"}],"about":[{"href":"https:\/\/imprimeideas.es\/en\/wp-json\/wp\/v2\/types\/product"}],"replies":[{"embeddable":true,"href":"https:\/\/imprimeideas.es\/en\/wp-json\/wp\/v2\/comments?post=41161"}],"version-history":[{"count":1,"href":"https:\/\/imprimeideas.es\/en\/wp-json\/wp\/v2\/product\/41161\/revisions"}],"predecessor-version":[{"id":54702,"href":"https:\/\/imprimeideas.es\/en\/wp-json\/wp\/v2\/product\/41161\/revisions\/54702"}],"wp:featuredmedia":[{"embeddable":true,"href":"https:\/\/imprimeideas.es\/en\/wp-json\/wp\/v2\/media\/86286"}],"wp:attachment":[{"href":"https:\/\/imprimeideas.es\/en\/wp-json\/wp\/v2\/media?parent=41161"}],"wp:term":[{"taxonomy":"product_brand","embeddable":true,"href":"https:\/\/imprimeideas.es\/en\/wp-json\/wp\/v2\/product_brand?post=41161"},{"taxonomy":"product_cat","embeddable":true,"href":"https:\/\/imprimeideas.es\/en\/wp-json\/wp\/v2\/product_cat?post=41161"},{"taxonomy":"product_tag","embeddable":true,"href":"https:\/\/imprimeideas.es\/en\/wp-json\/wp\/v2\/product_tag?post=41161"}],"curies":[{"name":"wp","href":"https:\/\/api.w.org\/{rel}","templated":true}]}}