{"id":41156,"date":"2026-02-24T11:25:10","date_gmt":"2026-02-24T10:25:10","guid":{"rendered":"https:\/\/imprimeideas.es\/?post_type=product&p=41156"},"modified":"2026-02-26T18:32:52","modified_gmt":"2026-02-26T17:32:52","slug":"bidon-termico-roach","status":"publish","type":"product","link":"https:\/\/imprimeideas.es\/en\/product\/bidon-termico-roach\/","title":{"rendered":"Bid\u00f3n T\u00e9rmico Roach"},"content":{"rendered":"<p>Bid\u00f3n t\u00e9rmico de 530 ml de capacidad, fabricado en acero inox de doble pared. Con aislamiento de cobre al vac\u00edo, que permite mantener el calor y el fr\u00edo durante m\u00e1s tiempo, llegando a las 12 y 48 horas respectivamente. Tap\u00f3n a rosca con asa integrada a juego, libre de BPA. Disponible en variada gama de colores metalizados y presentado en caja individual de dise\u00f1o kraft.<\/p>","protected":false},"excerpt":{"rendered":"<p>530 ml. Aislamiento de Cobre al Vac\u00edo<\/p>","protected":false},"featured_media":62178,"comment_status":"open","ping_status":"open","template":"","meta":{"inline_featured_image":false},"product_brand":[],"product_cat":[97],"product_tag":[],"class_list":{"0":"post-41156","1":"product","2":"type-product","3":"status-publish","4":"has-post-thumbnail","6":"product_cat-tazas-jarras-y-termos","8":"first","9":"instock","10":"taxable","11":"shipping-taxable","12":"purchasable","13":"product-type-variable","14":"has-default-attributes"},"aioseo_notices":[],"_links":{"self":[{"href":"https:\/\/imprimeideas.es\/en\/wp-json\/wp\/v2\/product\/41156","targetHints":{"allow":["GET"]}}],"collection":[{"href":"https:\/\/imprimeideas.es\/en\/wp-json\/wp\/v2\/product"}],"about":[{"href":"https:\/\/imprimeideas.es\/en\/wp-json\/wp\/v2\/types\/product"}],"replies":[{"embeddable":true,"href":"https:\/\/imprimeideas.es\/en\/wp-json\/wp\/v2\/comments?post=41156"}],"version-history":[{"count":1,"href":"https:\/\/imprimeideas.es\/en\/wp-json\/wp\/v2\/product\/41156\/revisions"}],"predecessor-version":[{"id":54701,"href":"https:\/\/imprimeideas.es\/en\/wp-json\/wp\/v2\/product\/41156\/revisions\/54701"}],"wp:featuredmedia":[{"embeddable":true,"href":"https:\/\/imprimeideas.es\/en\/wp-json\/wp\/v2\/media\/62178"}],"wp:attachment":[{"href":"https:\/\/imprimeideas.es\/en\/wp-json\/wp\/v2\/media?parent=41156"}],"wp:term":[{"taxonomy":"product_brand","embeddable":true,"href":"https:\/\/imprimeideas.es\/en\/wp-json\/wp\/v2\/product_brand?post=41156"},{"taxonomy":"product_cat","embeddable":true,"href":"https:\/\/imprimeideas.es\/en\/wp-json\/wp\/v2\/product_cat?post=41156"},{"taxonomy":"product_tag","embeddable":true,"href":"https:\/\/imprimeideas.es\/en\/wp-json\/wp\/v2\/product_tag?post=41156"}],"curies":[{"name":"wp","href":"https:\/\/api.w.org\/{rel}","templated":true}]}}