{"id":41150,"date":"2026-02-24T11:25:09","date_gmt":"2026-02-24T10:25:09","guid":{"rendered":"https:\/\/imprimeideas.es\/?post_type=product&p=41150"},"modified":"2026-02-26T18:23:28","modified_gmt":"2026-02-26T17:23:28","slug":"bidon-termico-breidy","status":"publish","type":"product","link":"https:\/\/imprimeideas.es\/en\/product\/bidon-termico-breidy\/","title":{"rendered":"Bid\u00f3n T\u00e9rmico Breidy"},"content":{"rendered":"<p>Bid\u00f3n t\u00e9rmico de 500 ml de capacidad, fabricado en acero inox reciclado de doble pared, con tap\u00f3n a rosca en mate y asa integrada a juego. Disponible en variada gama de colores satinados, libre de BPA y presentado en caja individual de dise\u00f1o kraft. El acero es uno de los materiales m\u00e1s demandados y que puede encontrarse casi en todas partes, desde productos de uso diario a grandes construcciones. Con innumerables propiedades, entre las que cabe destacar la durabilidad y su alto grado de reutilizaci\u00f3n, convirti\u00e9ndolo en una alternativa muy valorada en soluciones de sostenibilidad. Debidamente tratado, permite obtener nuevos recursos de infinita utilizaci\u00f3n.<\/p>","protected":false},"excerpt":{"rendered":"<p>500 ml<\/p>","protected":false},"featured_media":70377,"comment_status":"open","ping_status":"open","template":"","meta":{"inline_featured_image":false},"product_brand":[],"product_cat":[122,97],"product_tag":[],"class_list":{"0":"post-41150","1":"product","2":"type-product","3":"status-publish","4":"has-post-thumbnail","6":"product_cat-articulos-sostenibles","7":"product_cat-tazas-jarras-y-termos","9":"first","10":"instock","11":"taxable","12":"shipping-taxable","13":"purchasable","14":"product-type-variable","15":"has-default-attributes"},"aioseo_notices":[],"_links":{"self":[{"href":"https:\/\/imprimeideas.es\/en\/wp-json\/wp\/v2\/product\/41150","targetHints":{"allow":["GET"]}}],"collection":[{"href":"https:\/\/imprimeideas.es\/en\/wp-json\/wp\/v2\/product"}],"about":[{"href":"https:\/\/imprimeideas.es\/en\/wp-json\/wp\/v2\/types\/product"}],"replies":[{"embeddable":true,"href":"https:\/\/imprimeideas.es\/en\/wp-json\/wp\/v2\/comments?post=41150"}],"version-history":[{"count":1,"href":"https:\/\/imprimeideas.es\/en\/wp-json\/wp\/v2\/product\/41150\/revisions"}],"predecessor-version":[{"id":54700,"href":"https:\/\/imprimeideas.es\/en\/wp-json\/wp\/v2\/product\/41150\/revisions\/54700"}],"wp:featuredmedia":[{"embeddable":true,"href":"https:\/\/imprimeideas.es\/en\/wp-json\/wp\/v2\/media\/70377"}],"wp:attachment":[{"href":"https:\/\/imprimeideas.es\/en\/wp-json\/wp\/v2\/media?parent=41150"}],"wp:term":[{"taxonomy":"product_brand","embeddable":true,"href":"https:\/\/imprimeideas.es\/en\/wp-json\/wp\/v2\/product_brand?post=41150"},{"taxonomy":"product_cat","embeddable":true,"href":"https:\/\/imprimeideas.es\/en\/wp-json\/wp\/v2\/product_cat?post=41150"},{"taxonomy":"product_tag","embeddable":true,"href":"https:\/\/imprimeideas.es\/en\/wp-json\/wp\/v2\/product_tag?post=41150"}],"curies":[{"name":"wp","href":"https:\/\/api.w.org\/{rel}","templated":true}]}}