{"id":41142,"date":"2026-02-24T11:25:09","date_gmt":"2026-02-24T10:25:09","guid":{"rendered":"https:\/\/imprimeideas.es\/?post_type=product&p=41142"},"modified":"2026-02-26T18:19:16","modified_gmt":"2026-02-26T17:19:16","slug":"bidon-kristum","status":"publish","type":"product","link":"https:\/\/imprimeideas.es\/en\/product\/bidon-kristum\/","title":{"rendered":"Bid\u00f3n Kristum"},"content":{"rendered":"<p>Bid\u00f3n de 750 ml de capacidad. Fabricado en aluminio reciclado, con posibilidades de reciclaje casi infinitas, sin perder sus propiedades originales y consumiendo menos energ\u00eda en este proceso. De acabado mate, con tap\u00f3n a rosca en negro y libre de BPA. Presentado en caja individual de dise\u00f1o kraft.Disponible manual de instrucciones en espa\u00f1ol e ingl\u00e9s.<\/p>","protected":false},"excerpt":{"rendered":"<p>750 ml<\/p>","protected":false},"featured_media":84036,"comment_status":"open","ping_status":"open","template":"","meta":{"inline_featured_image":false},"product_brand":[],"product_cat":[122,97],"product_tag":[],"class_list":{"0":"post-41142","1":"product","2":"type-product","3":"status-publish","4":"has-post-thumbnail","6":"product_cat-articulos-sostenibles","7":"product_cat-tazas-jarras-y-termos","9":"first","10":"instock","11":"taxable","12":"shipping-taxable","13":"purchasable","14":"product-type-variable","15":"has-default-attributes"},"aioseo_notices":[],"_links":{"self":[{"href":"https:\/\/imprimeideas.es\/en\/wp-json\/wp\/v2\/product\/41142","targetHints":{"allow":["GET"]}}],"collection":[{"href":"https:\/\/imprimeideas.es\/en\/wp-json\/wp\/v2\/product"}],"about":[{"href":"https:\/\/imprimeideas.es\/en\/wp-json\/wp\/v2\/types\/product"}],"replies":[{"embeddable":true,"href":"https:\/\/imprimeideas.es\/en\/wp-json\/wp\/v2\/comments?post=41142"}],"version-history":[{"count":1,"href":"https:\/\/imprimeideas.es\/en\/wp-json\/wp\/v2\/product\/41142\/revisions"}],"predecessor-version":[{"id":54697,"href":"https:\/\/imprimeideas.es\/en\/wp-json\/wp\/v2\/product\/41142\/revisions\/54697"}],"wp:featuredmedia":[{"embeddable":true,"href":"https:\/\/imprimeideas.es\/en\/wp-json\/wp\/v2\/media\/84036"}],"wp:attachment":[{"href":"https:\/\/imprimeideas.es\/en\/wp-json\/wp\/v2\/media?parent=41142"}],"wp:term":[{"taxonomy":"product_brand","embeddable":true,"href":"https:\/\/imprimeideas.es\/en\/wp-json\/wp\/v2\/product_brand?post=41142"},{"taxonomy":"product_cat","embeddable":true,"href":"https:\/\/imprimeideas.es\/en\/wp-json\/wp\/v2\/product_cat?post=41142"},{"taxonomy":"product_tag","embeddable":true,"href":"https:\/\/imprimeideas.es\/en\/wp-json\/wp\/v2\/product_tag?post=41142"}],"curies":[{"name":"wp","href":"https:\/\/api.w.org\/{rel}","templated":true}]}}