{"id":41130,"date":"2026-02-24T11:25:07","date_gmt":"2026-02-24T10:25:07","guid":{"rendered":"https:\/\/imprimeideas.es\/?post_type=product&p=41130"},"modified":"2026-02-26T18:08:04","modified_gmt":"2026-02-26T17:08:04","slug":"bidon-filix","status":"publish","type":"product","link":"https:\/\/imprimeideas.es\/en\/product\/bidon-filix\/","title":{"rendered":"Bid\u00f3n Filix"},"content":{"rendered":"<p>Bid\u00f3n de 750 ml de capacidad, fabricado en acero inox y con recubrimiento exterior de cobre galvanizado. Tap\u00f3n a rosca, libre de BPA. Presentado en caja individual negra de elegante dise\u00f1o.<\/p>","protected":false},"excerpt":{"rendered":"<p>750 ml<\/p>","protected":false},"featured_media":62159,"comment_status":"open","ping_status":"open","template":"","meta":{"inline_featured_image":false},"product_brand":[],"product_cat":[97],"product_tag":[],"class_list":{"0":"post-41130","1":"product","2":"type-product","3":"status-publish","4":"has-post-thumbnail","6":"product_cat-tazas-jarras-y-termos","8":"first","9":"outofstock","10":"taxable","11":"shipping-taxable","12":"purchasable","13":"product-type-variable","14":"has-default-attributes"},"aioseo_notices":[],"_links":{"self":[{"href":"https:\/\/imprimeideas.es\/en\/wp-json\/wp\/v2\/product\/41130","targetHints":{"allow":["GET"]}}],"collection":[{"href":"https:\/\/imprimeideas.es\/en\/wp-json\/wp\/v2\/product"}],"about":[{"href":"https:\/\/imprimeideas.es\/en\/wp-json\/wp\/v2\/types\/product"}],"replies":[{"embeddable":true,"href":"https:\/\/imprimeideas.es\/en\/wp-json\/wp\/v2\/comments?post=41130"}],"version-history":[{"count":1,"href":"https:\/\/imprimeideas.es\/en\/wp-json\/wp\/v2\/product\/41130\/revisions"}],"predecessor-version":[{"id":54694,"href":"https:\/\/imprimeideas.es\/en\/wp-json\/wp\/v2\/product\/41130\/revisions\/54694"}],"wp:featuredmedia":[{"embeddable":true,"href":"https:\/\/imprimeideas.es\/en\/wp-json\/wp\/v2\/media\/62159"}],"wp:attachment":[{"href":"https:\/\/imprimeideas.es\/en\/wp-json\/wp\/v2\/media?parent=41130"}],"wp:term":[{"taxonomy":"product_brand","embeddable":true,"href":"https:\/\/imprimeideas.es\/en\/wp-json\/wp\/v2\/product_brand?post=41130"},{"taxonomy":"product_cat","embeddable":true,"href":"https:\/\/imprimeideas.es\/en\/wp-json\/wp\/v2\/product_cat?post=41130"},{"taxonomy":"product_tag","embeddable":true,"href":"https:\/\/imprimeideas.es\/en\/wp-json\/wp\/v2\/product_tag?post=41130"}],"curies":[{"name":"wp","href":"https:\/\/api.w.org\/{rel}","templated":true}]}}