{"id":41128,"date":"2026-02-24T11:25:07","date_gmt":"2026-02-24T10:25:07","guid":{"rendered":"https:\/\/imprimeideas.es\/?post_type=product&p=41128"},"modified":"2026-02-26T18:32:53","modified_gmt":"2026-02-26T17:32:53","slug":"bidon-adbel","status":"publish","type":"product","link":"https:\/\/imprimeideas.es\/en\/product\/bidon-adbel\/","title":{"rendered":"Bid\u00f3n Adbel"},"content":{"rendered":"<p>Bid\u00f3n de 790 ml de capacidad, fabricado en acero inox y con recubrimiento exterior de cobre galvanizado. Tap\u00f3n a rosca, libre de BPA. Presentado en caja individual negra de elegante dise\u00f1o.<\/p>","protected":false},"excerpt":{"rendered":"<p>790 ml<\/p>","protected":false},"featured_media":77313,"comment_status":"open","ping_status":"open","template":"","meta":{"inline_featured_image":false},"product_brand":[],"product_cat":[97],"product_tag":[],"class_list":{"0":"post-41128","1":"product","2":"type-product","3":"status-publish","4":"has-post-thumbnail","6":"product_cat-tazas-jarras-y-termos","8":"first","9":"instock","10":"taxable","11":"shipping-taxable","12":"purchasable","13":"product-type-variable","14":"has-default-attributes"},"aioseo_notices":[],"_links":{"self":[{"href":"https:\/\/imprimeideas.es\/en\/wp-json\/wp\/v2\/product\/41128","targetHints":{"allow":["GET"]}}],"collection":[{"href":"https:\/\/imprimeideas.es\/en\/wp-json\/wp\/v2\/product"}],"about":[{"href":"https:\/\/imprimeideas.es\/en\/wp-json\/wp\/v2\/types\/product"}],"replies":[{"embeddable":true,"href":"https:\/\/imprimeideas.es\/en\/wp-json\/wp\/v2\/comments?post=41128"}],"version-history":[{"count":1,"href":"https:\/\/imprimeideas.es\/en\/wp-json\/wp\/v2\/product\/41128\/revisions"}],"predecessor-version":[{"id":54693,"href":"https:\/\/imprimeideas.es\/en\/wp-json\/wp\/v2\/product\/41128\/revisions\/54693"}],"wp:featuredmedia":[{"embeddable":true,"href":"https:\/\/imprimeideas.es\/en\/wp-json\/wp\/v2\/media\/77313"}],"wp:attachment":[{"href":"https:\/\/imprimeideas.es\/en\/wp-json\/wp\/v2\/media?parent=41128"}],"wp:term":[{"taxonomy":"product_brand","embeddable":true,"href":"https:\/\/imprimeideas.es\/en\/wp-json\/wp\/v2\/product_brand?post=41128"},{"taxonomy":"product_cat","embeddable":true,"href":"https:\/\/imprimeideas.es\/en\/wp-json\/wp\/v2\/product_cat?post=41128"},{"taxonomy":"product_tag","embeddable":true,"href":"https:\/\/imprimeideas.es\/en\/wp-json\/wp\/v2\/product_tag?post=41128"}],"curies":[{"name":"wp","href":"https:\/\/api.w.org\/{rel}","templated":true}]}}